{"id":13454,"date":"2024-12-29T00:20:44","date_gmt":"2024-12-28T23:20:44","guid":{"rendered":"https:\/\/organicspharm.com\/?page_id=13454"},"modified":"2025-02-06T18:27:25","modified_gmt":"2025-02-06T17:27:25","slug":"certificazioni","status":"publish","type":"page","link":"https:\/\/organicspharm.com\/en\/certifications-2\/","title":{"rendered":"Certifications"},"content":{"rendered":"\t\t<div data-elementor-type=\"wp-page\" data-elementor-id=\"13454\" class=\"elementor elementor-13454\" data-elementor-post-type=\"page\">\n\t\t\t\t<div class=\"elementor-element elementor-element-4870c503 e-con-full e-flex e-con e-parent\" data-id=\"4870c503\" data-element_type=\"container\" data-e-type=\"container\" data-settings=\"{&quot;background_background&quot;:&quot;classic&quot;,&quot;background_motion_fx_motion_fx_scrolling&quot;:&quot;yes&quot;,&quot;background_motion_fx_translateY_effect&quot;:&quot;yes&quot;,&quot;background_motion_fx_translateY_speed&quot;:{&quot;unit&quot;:&quot;px&quot;,&quot;size&quot;:10,&quot;sizes&quot;:[]},&quot;background_motion_fx_translateY_affectedRange&quot;:{&quot;unit&quot;:&quot;%&quot;,&quot;size&quot;:&quot;&quot;,&quot;sizes&quot;:{&quot;start&quot;:50,&quot;end&quot;:100}},&quot;background_motion_fx_motion_fx_mouse&quot;:&quot;yes&quot;,&quot;background_motion_fx_mouseTrack_effect&quot;:&quot;yes&quot;,&quot;shape_divider_bottom&quot;:&quot;opacity-fan&quot;,&quot;background_motion_fx_devices&quot;:[&quot;desktop&quot;,&quot;laptop&quot;,&quot;tablet&quot;,&quot;mobile&quot;],&quot;background_motion_fx_mouseTrack_speed&quot;:{&quot;unit&quot;:&quot;px&quot;,&quot;size&quot;:1,&quot;sizes&quot;:[]}}\">\n\t\t\t\t<div class=\"elementor-shape elementor-shape-bottom\" aria-hidden=\"true\" data-negative=\"false\">\n\t\t\t<svg xmlns=\"http:\/\/www.w3.org\/2000\/svg\" viewBox=\"0 0 283.5 19.6\" preserveAspectRatio=\"none\">\n\t<path class=\"elementor-shape-fill\" style=\"opacity:0.33\" d=\"M0 0L0 18.8 141.8 4.1 283.5 18.8 283.5 0z\"\/>\n\t<path class=\"elementor-shape-fill\" style=\"opacity:0.33\" d=\"M0 0L0 12.6 141.8 4 283.5 12.6 283.5 0z\"\/>\n\t<path class=\"elementor-shape-fill\" style=\"opacity:0.33\" d=\"M0 0L0 6.4 141.8 4 283.5 6.4 283.5 0z\"\/>\n\t<path class=\"elementor-shape-fill\" d=\"M0 0L0 1.2 141.8 4 283.5 1.2 283.5 0z\"\/>\n<\/svg>\t\t<\/div>\n\t\t\t\t<div class=\"elementor-element elementor-element-6718d45b elementor-widget elementor-widget-heading\" data-id=\"6718d45b\" data-element_type=\"widget\" data-e-type=\"widget\" data-widget_type=\"heading.default\">\n\t\t\t\t<div class=\"elementor-widget-container\">\n\t\t\t\t\t<h1 class=\"elementor-heading-title elementor-size-default\">Certificazioni Biologiche: Prenditi cura del tuo corpo in modo naturale rispettando il pianeta\n<\/h1>\t\t\t\t<\/div>\n\t\t\t\t<\/div>\n\t\t\t\t<\/div>\n\t\t<div class=\"elementor-element elementor-element-d2b158d e-flex e-con-boxed e-con e-parent\" data-id=\"d2b158d\" data-element_type=\"container\" data-e-type=\"container\">\n\t\t\t\t\t<div class=\"e-con-inner\">\n\t\t\t\t<div class=\"elementor-element elementor-element-b2c6b1b elementor-widget elementor-widget-html\" data-id=\"b2c6b1b\" data-element_type=\"widget\" data-e-type=\"widget\" data-widget_type=\"html.default\">\n\t\t\t\t<div class=\"elementor-widget-container\">\n\t\t\t\t\t<div class=\"organics-certifications\">\r\n\r\n  <!-- Certificazione 1: ICEA -->\r\n  <div class=\"certification-item\">\r\n    <div class=\"certification-image\">\r\n      <img loading=\"eager\" fetchpriority=\"high\" decoding=\"async\" src=\"\/wp-content\/uploads\/2025\/01\/8210588_icea_icea-istituto-per-la-certificazione-etica-ed-ambientale.png\" alt=\"Logo ICEA\">\r\n    <\/div>\r\n    <div class=\"certification-content\">\r\n      <h3>ICEA: Etica e Qualit\u00e0 Ambientale<\/h3>\r\n      <p>\r\n        Organics Pharm sceglie la certificazione ICEA per garantire ai clienti \r\n        standard elevati di sostenibilit\u00e0. Questo ente indipendente valuta la \r\n        responsabilit\u00e0 ambientale, l\u2019uso di ingredienti biologici e la tutela \r\n        della biodiversit\u00e0. Con ICEA, assicuriamo trasparenza e sicurezza, \r\n        offrendo cosmetici davvero rispettosi della natura, delle risorse \r\n        e delle persone.\r\n      <\/p>\r\n    <\/div>\r\n  <\/div>\r\n\r\n  <!-- Certificazione 3: BDIH -->\r\n  <div class=\"certification-item\">\r\n    <div class=\"certification-image\">\r\n      <img loading=\"eager\" fetchpriority=\"high\" decoding=\"async\" src=\"\/wp-content\/uploads\/2025\/01\/BDIH-logo.png\" alt=\"Logo BDIH\">\r\n    <\/div>\r\n    <div class=\"certification-content\">\r\n      <h3>BDIH: Standard Internazionale<\/h3>\r\n      <p>\r\n        BDIH, ente tedesco di riferimento nel settore cosmetico, fissa parametri\r\n        rigorosi in termini di purezza delle materie prime e sostenibilit\u00e0 dei processi. \r\n        Organics Pharm sceglie BDIH per garantire formule rispettose dell\u2019ambiente \r\n        e della salute umana. Con questa certificazione, portiamo sul mercato \r\n        prodotti sicuri, efficaci e in armonia con la natura.\r\n      <\/p>\r\n    <\/div>\r\n  <\/div>\r\n\r\n  <!-- Certificazione 4: ECOCERT -->\r\n  <div class=\"certification-item\">\r\n    <div class=\"certification-image\">\r\n      <img loading=\"eager\" fetchpriority=\"high\" decoding=\"async\" src=\"\/wp-content\/uploads\/2025\/01\/ecocert_logo2.jpg\" alt=\"Logo ECOCERT\">\r\n    <\/div>\r\n    <div class=\"certification-content\">\r\n      <h3>ECOCERT: Garanzia di Origine Naturale<\/h3>\r\n      <p>\r\n        ECOCERT certifica prodotti realizzati con ingredienti di origine biologica \r\n        e metodi di produzione sostenibili. Per Organics Pharm, ottenere il marchio\r\n        ECOCERT significa assicurare che ogni formula rispetti rigorosi standard \r\n        ambientali e di sicurezza. Con questa scelta, rendiamo tangibile il nostro \r\n        impegno per la bellezza etica e responsabile.\r\n      <\/p>\r\n    <\/div>\r\n  <\/div>\r\n\r\n  <!-- Certificazione 5: EcoGruppo Italia -->\r\n  <div class=\"certification-item\">\r\n    <div class=\"certification-image\">\r\n      <img loading=\"lazy\" decoding=\"async\" decoding=\"async\" src=\"\/wp-content\/uploads\/2025\/01\/logo_ecogruppo.png\" alt=\"Logo EcoGruppo Italia\">\r\n    <\/div>\r\n    <div class=\"certification-content\">\r\n      <h3>EcoGruppo Italia: Qualit\u00e0 Certificata in Chiave Sostenibile<\/h3>\r\n      <p>\r\n        EcoGruppo Italia \u00e8 un ente indipendente di certificazione che valuta la \r\n        conformit\u00e0 ai pi\u00f9 alti standard di agricoltura biologica e sostenibilit\u00e0. \r\n        Per Organics Pharm, il marchio EcoGruppo garantisce processi produttivi \r\n        virtuosi, dalla scelta delle materie prime al confezionamento, riducendo \r\n        l\u2019impatto ambientale.\r\n      <\/p>\r\n    <\/div>\r\n  <\/div>\r\n\r\n  <!-- Certificazione 7: 100% Made in Italy -->\r\n  <div class=\"certification-item\">\r\n    <div class=\"certification-image\">\r\n      <img loading=\"lazy\" decoding=\"async\" decoding=\"async\" src=\"\/wp-content\/uploads\/2025\/01\/inci.png\" alt=\"Logo 100% Made in Italy\">\r\n    <\/div>\r\n    <div class=\"certification-content\">\r\n      <h3>100% Made in Italy: Eccellenza e Tradizione<\/h3>\r\n      <p>\r\n        Organics Pharm si pregia del sigillo 100% Made in Italy, riconoscimento \r\n        che certifica la filiera interamente italiana, dall\u2019ideazione alla \r\n        produzione. Ogni formula \u00e8 il frutto di ricerca scientifica e passione, \r\n        simbolo di un\u2019autentica expertise apprezzata in tutto il mondo.\r\n      <\/p>\r\n    <\/div>\r\n  <\/div>\r\n\r\n  <!-- Certificazione 8: Nickel Tested -->\r\n  <div class=\"certification-item\">\r\n    <div class=\"certification-image\">\r\n      <img loading=\"lazy\" decoding=\"async\" decoding=\"async\" src=\"\/wp-content\/uploads\/2025\/01\/nikel_tested.png\" alt=\"Logo Nickel Tested\">\r\n    <\/div>\r\n    <div class=\"certification-content\">\r\n      <h3>Nickel Tested: Sicurezza Dermatologica Avanzata<\/h3>\r\n      <p>\r\n        La dicitura Nickel Tested conferma che i prodotti Organics Pharm \r\n        presentano un contenuto di Nickel estremamente basso (<0,0001%). \r\n        Una garanzia di sicurezza per pelli sensibili o soggette a reazioni allergiche, \r\n        assicurando formule delicate e dermatologicamente controllate.\r\n      <\/p>\r\n    <\/div>\r\n  <\/div>\r\n\r\n  <!-- Certificazione 9: Contains Organic Ingredients -->\r\n  <div class=\"certification-item\">\r\n    <div class=\"certification-image\">\r\n      <img loading=\"lazy\" decoding=\"async\" decoding=\"async\" src=\"\/wp-content\/uploads\/2025\/01\/organics_ingredients.png\" alt=\"Logo Contains Organic Ingredients\">\r\n    <\/div>\r\n    <div class=\"certification-content\">\r\n      <h3>Contains Organic Ingredients: Garanzia di Autenticit\u00e0 Naturale<\/h3>\r\n      <p>\r\n        Il marchio \u201cContains Organic Ingredients\u201d attesta che le formulazioni \r\n        Organics Pharm includono materie prime coltivate secondo i pi\u00f9 rigorosi \r\n        standard biologici, riducendo al minimo l\u2019uso di sostanze chimiche. \r\n        Ogni prodotto \u00e8 ricco di principi attivi puri, per una bellezza genuina.\r\n      <\/p>\r\n    <\/div>\r\n  <\/div>\r\n\r\n  <!-- Certificazione 10: Vegan Friendly -->\r\n  <div class=\"certification-item\">\r\n    <div class=\"certification-image\">\r\n      <img loading=\"lazy\" decoding=\"async\" decoding=\"async\" src=\"\/wp-content\/uploads\/2025\/01\/Vegan_friedly.png\" alt=\"Logo Vegan Friendly\">\r\n    <\/div>\r\n    <div class=\"certification-content\">\r\n      <h3>Vegan Friendly: Etica e Benessere Animale<\/h3>\r\n      <p>\r\n        La dicitura \u201cVegan Friendly\u201d conferma che i prodotti Organics Pharm \r\n        non contengono ingredienti di origine animale, tutelando ogni forma di vita. \r\n        La nostra filiera produttiva segue criteri di sostenibilit\u00e0, per garantirti\r\n        cosmetici performanti senza tradire la coscienza etica.\r\n      <\/p>\r\n    <\/div>\r\n  <\/div>\r\n\r\n<\/div>\t\t\t\t<\/div>\n\t\t\t\t<\/div>\n\t\t\t\t\t<\/div>\n\t\t\t\t<\/div>\n\t\t\t\t<\/div>\n\t\t","protected":false},"excerpt":{"rendered":"<p>Certificazioni Biologiche: Prenditi cura del tuo corpo in modo naturale rispettando il pianeta ICEA: Etica e Qualit\u00e0 Ambientale Organics Pharm sceglie la certificazione ICEA per garantire ai clienti standard elevati di sostenibilit\u00e0. Questo ente indipendente valuta la responsabilit\u00e0 ambientale, l\u2019uso di ingredienti biologici e la tutela della biodiversit\u00e0. Con ICEA, assicuriamo trasparenza e sicurezza, offrendo [&hellip;]<\/p>\n","protected":false},"author":7,"featured_media":13468,"parent":0,"menu_order":0,"comment_status":"closed","ping_status":"closed","template":"","meta":{"_acf_changed":false,"_eb_attr":"","footnotes":""},"class_list":["post-13454","page","type-page","status-publish","has-post-thumbnail","hentry"],"acf":[],"yoast_head":"<!-- This site is optimized with the Yoast SEO plugin v27.1.1 - https:\/\/yoast.com\/product\/yoast-seo-wordpress\/ -->\n<title>Certificazioni - Organics Pharm Venice Italy<\/title>\n<meta name=\"robots\" content=\"index, follow, max-snippet:-1, max-image-preview:large, max-video-preview:-1\" \/>\n<link rel=\"canonical\" href=\"https:\/\/organicspharm.com\/en\/certifications-2\/\" \/>\n<meta property=\"og:locale\" content=\"en_US\" \/>\n<meta property=\"og:type\" content=\"article\" \/>\n<meta property=\"og:title\" content=\"Certificazioni - Organics Pharm Venice Italy\" \/>\n<meta property=\"og:description\" content=\"Certificazioni Biologiche: Prenditi cura del tuo corpo in modo naturale rispettando il pianeta ICEA: Etica e Qualit\u00e0 Ambientale Organics Pharm scegli\" \/>\n<meta property=\"og:url\" content=\"https:\/\/organicspharm.com\/en\/certifications-2\/\" \/>\n<meta property=\"og:site_name\" content=\"Organics Pharm Venice Italy\" \/>\n<meta property=\"article:modified_time\" content=\"2025-02-06T17:27:25+00:00\" \/>\n<meta property=\"og:image\" content=\"https:\/\/organicspharm.com\/wp-content\/uploads\/2024\/12\/header_certificazioni-1.jpg\" \/>\n\t<meta property=\"og:image:width\" content=\"1456\" \/>\n\t<meta property=\"og:image:height\" content=\"816\" \/>\n\t<meta property=\"og:image:type\" content=\"image\/jpeg\" \/>\n<meta name=\"twitter:card\" content=\"summary_large_image\" \/>\n<meta name=\"twitter:label1\" content=\"Est. reading time\" \/>\n\t<meta name=\"twitter:data1\" content=\"4 minutes\" \/>\n<script type=\"application\/ld+json\" class=\"yoast-schema-graph\">{\"@context\":\"https:\/\/schema.org\",\"@graph\":[{\"@type\":\"WebPage\",\"@id\":\"https:\/\/organicspharm.com\/certificazioni\/\",\"url\":\"https:\/\/organicspharm.com\/certificazioni\/\",\"name\":\"Certificazioni - Organics Pharm Venice Italy\",\"isPartOf\":{\"@id\":\"http:\/\/organicspharm.com\/it\/#website\"},\"primaryImageOfPage\":{\"@id\":\"https:\/\/organicspharm.com\/certificazioni\/#primaryimage\"},\"image\":{\"@id\":\"https:\/\/organicspharm.com\/certificazioni\/#primaryimage\"},\"thumbnailUrl\":\"https:\/\/organicspharm.com\/wp-content\/uploads\/2024\/12\/header_certificazioni-1.jpg\",\"datePublished\":\"2024-12-28T23:20:44+00:00\",\"dateModified\":\"2025-02-06T17:27:25+00:00\",\"breadcrumb\":{\"@id\":\"https:\/\/organicspharm.com\/certificazioni\/#breadcrumb\"},\"inLanguage\":\"en-US\",\"potentialAction\":[{\"@type\":\"ReadAction\",\"target\":[\"https:\/\/organicspharm.com\/certificazioni\/\"]}]},{\"@type\":\"ImageObject\",\"inLanguage\":\"en-US\",\"@id\":\"https:\/\/organicspharm.com\/certificazioni\/#primaryimage\",\"url\":\"https:\/\/organicspharm.com\/wp-content\/uploads\/2024\/12\/header_certificazioni-1.jpg\",\"contentUrl\":\"https:\/\/organicspharm.com\/wp-content\/uploads\/2024\/12\/header_certificazioni-1.jpg\",\"width\":1456,\"height\":816,\"caption\":\"certificazioni prodotti organici organics pharm\"},{\"@type\":\"BreadcrumbList\",\"@id\":\"https:\/\/organicspharm.com\/certificazioni\/#breadcrumb\",\"itemListElement\":[{\"@type\":\"ListItem\",\"position\":1,\"name\":\"Home\",\"item\":\"https:\/\/organicspharm.com\/\"},{\"@type\":\"ListItem\",\"position\":2,\"name\":\"Certificazioni\"}]},{\"@type\":\"WebSite\",\"@id\":\"http:\/\/organicspharm.com\/it\/#website\",\"url\":\"http:\/\/organicspharm.com\/it\/\",\"name\":\"Organics Pharm Venice Italy\",\"description\":\"Per il tuo corpo, scegli la natura!\",\"publisher\":{\"@id\":\"http:\/\/organicspharm.com\/it\/#organization\"},\"potentialAction\":[{\"@type\":\"SearchAction\",\"target\":{\"@type\":\"EntryPoint\",\"urlTemplate\":\"http:\/\/organicspharm.com\/it\/?s={search_term_string}\"},\"query-input\":{\"@type\":\"PropertyValueSpecification\",\"valueRequired\":true,\"valueName\":\"search_term_string\"}}],\"inLanguage\":\"en-US\"},{\"@type\":\"Organization\",\"@id\":\"http:\/\/organicspharm.com\/it\/#organization\",\"name\":\"Organics Pharm\",\"url\":\"http:\/\/organicspharm.com\/it\/\",\"logo\":{\"@type\":\"ImageObject\",\"inLanguage\":\"en-US\",\"@id\":\"http:\/\/organicspharm.com\/it\/#\/schema\/logo\/image\/\",\"url\":\"https:\/\/organicspharm.com\/wp-content\/uploads\/2020\/03\/organics_pharm_footer.png\",\"contentUrl\":\"https:\/\/organicspharm.com\/wp-content\/uploads\/2020\/03\/organics_pharm_footer.png\",\"width\":200,\"height\":100,\"caption\":\"Organics Pharm\"},\"image\":{\"@id\":\"http:\/\/organicspharm.com\/it\/#\/schema\/logo\/image\/\"}}]}<\/script>\n<!-- \/ Yoast SEO plugin. -->","yoast_head_json":{"title":"Certificazioni - Organics Pharm Venice Italy","robots":{"index":"index","follow":"follow","max-snippet":"max-snippet:-1","max-image-preview":"max-image-preview:large","max-video-preview":"max-video-preview:-1"},"canonical":"https:\/\/organicspharm.com\/en\/certifications-2\/","og_locale":"en_US","og_type":"article","og_title":"Certificazioni - Organics Pharm Venice Italy","og_description":"Certificazioni Biologiche: Prenditi cura del tuo corpo in modo naturale rispettando il pianeta ICEA: Etica e Qualit\u00e0 Ambientale Organics Pharm scegli","og_url":"https:\/\/organicspharm.com\/en\/certifications-2\/","og_site_name":"Organics Pharm Venice Italy","article_modified_time":"2025-02-06T17:27:25+00:00","og_image":[{"width":1456,"height":816,"url":"https:\/\/organicspharm.com\/wp-content\/uploads\/2024\/12\/header_certificazioni-1.jpg","type":"image\/jpeg"}],"twitter_card":"summary_large_image","twitter_misc":{"Est. reading time":"4 minutes"},"schema":{"@context":"https:\/\/schema.org","@graph":[{"@type":"WebPage","@id":"https:\/\/organicspharm.com\/certificazioni\/","url":"https:\/\/organicspharm.com\/certificazioni\/","name":"Certificazioni - Organics Pharm Venice Italy","isPartOf":{"@id":"http:\/\/organicspharm.com\/it\/#website"},"primaryImageOfPage":{"@id":"https:\/\/organicspharm.com\/certificazioni\/#primaryimage"},"image":{"@id":"https:\/\/organicspharm.com\/certificazioni\/#primaryimage"},"thumbnailUrl":"https:\/\/organicspharm.com\/wp-content\/uploads\/2024\/12\/header_certificazioni-1.jpg","datePublished":"2024-12-28T23:20:44+00:00","dateModified":"2025-02-06T17:27:25+00:00","breadcrumb":{"@id":"https:\/\/organicspharm.com\/certificazioni\/#breadcrumb"},"inLanguage":"en-US","potentialAction":[{"@type":"ReadAction","target":["https:\/\/organicspharm.com\/certificazioni\/"]}]},{"@type":"ImageObject","inLanguage":"en-US","@id":"https:\/\/organicspharm.com\/certificazioni\/#primaryimage","url":"https:\/\/organicspharm.com\/wp-content\/uploads\/2024\/12\/header_certificazioni-1.jpg","contentUrl":"https:\/\/organicspharm.com\/wp-content\/uploads\/2024\/12\/header_certificazioni-1.jpg","width":1456,"height":816,"caption":"certificazioni prodotti organici organics pharm"},{"@type":"BreadcrumbList","@id":"https:\/\/organicspharm.com\/certificazioni\/#breadcrumb","itemListElement":[{"@type":"ListItem","position":1,"name":"Home","item":"https:\/\/organicspharm.com\/"},{"@type":"ListItem","position":2,"name":"Certificazioni"}]},{"@type":"WebSite","@id":"http:\/\/organicspharm.com\/it\/#website","url":"http:\/\/organicspharm.com\/it\/","name":"Organics Pharm Venice Italy","description":"For your body, choose nature!","publisher":{"@id":"http:\/\/organicspharm.com\/it\/#organization"},"potentialAction":[{"@type":"SearchAction","target":{"@type":"EntryPoint","urlTemplate":"http:\/\/organicspharm.com\/it\/?s={search_term_string}"},"query-input":{"@type":"PropertyValueSpecification","valueRequired":true,"valueName":"search_term_string"}}],"inLanguage":"en-US"},{"@type":"Organization","@id":"http:\/\/organicspharm.com\/it\/#organization","name":"Organics Pharm","url":"http:\/\/organicspharm.com\/it\/","logo":{"@type":"ImageObject","inLanguage":"en-US","@id":"http:\/\/organicspharm.com\/it\/#\/schema\/logo\/image\/","url":"https:\/\/organicspharm.com\/wp-content\/uploads\/2020\/03\/organics_pharm_footer.png","contentUrl":"https:\/\/organicspharm.com\/wp-content\/uploads\/2020\/03\/organics_pharm_footer.png","width":200,"height":100,"caption":"Organics Pharm"},"image":{"@id":"http:\/\/organicspharm.com\/it\/#\/schema\/logo\/image\/"}}]}},"_links":{"self":[{"href":"https:\/\/organicspharm.com\/en\/wp-json\/wp\/v2\/pages\/13454","targetHints":{"allow":["GET"]}}],"collection":[{"href":"https:\/\/organicspharm.com\/en\/wp-json\/wp\/v2\/pages"}],"about":[{"href":"https:\/\/organicspharm.com\/en\/wp-json\/wp\/v2\/types\/page"}],"author":[{"embeddable":true,"href":"https:\/\/organicspharm.com\/en\/wp-json\/wp\/v2\/users\/7"}],"replies":[{"embeddable":true,"href":"https:\/\/organicspharm.com\/en\/wp-json\/wp\/v2\/comments?post=13454"}],"version-history":[{"count":130,"href":"https:\/\/organicspharm.com\/en\/wp-json\/wp\/v2\/pages\/13454\/revisions"}],"predecessor-version":[{"id":14217,"href":"https:\/\/organicspharm.com\/en\/wp-json\/wp\/v2\/pages\/13454\/revisions\/14217"}],"wp:featuredmedia":[{"embeddable":true,"href":"https:\/\/organicspharm.com\/en\/wp-json\/wp\/v2\/media\/13468"}],"wp:attachment":[{"href":"https:\/\/organicspharm.com\/en\/wp-json\/wp\/v2\/media?parent=13454"}],"curies":[{"name":"wp","href":"https:\/\/api.w.org\/{rel}","templated":true}]}}