{"id":10421,"date":"2022-07-09T13:39:26","date_gmt":"2022-07-09T11:39:26","guid":{"rendered":"https:\/\/organicspharm.com\/?post_type=product&#038;p=10421"},"modified":"2025-10-27T19:10:16","modified_gmt":"2025-10-27T18:10:16","slug":"soothing-cleanising-foam","status":"publish","type":"product","link":"https:\/\/organicspharm.com\/en\/product\/soothing-cleaning-foam\/","title":{"rendered":"SOOTHING CLEANSING FOAM"},"content":{"rendered":"<p>Mousse morbida e cremosa per la detersione quotidiana di viso e collo. Contiene estratti biologici di Ginseng, Arnica e T\u00e8 Verde, con propriet\u00e0 lenitive e antiossidanti, e oli essenziali di lavanda. Rimuove impurit\u00e0 e make-up lasciando la pelle fresca, idratata e riequilibrata.<\/p>","protected":false},"excerpt":{"rendered":"<p>Mousse morbida ad effetto lenitivo ed idratante, ideale per la detersione quotidiana di viso e collo.<\/p>","protected":false},"featured_media":10422,"template":"","meta":{"_acf_changed":false,"_eb_attr":""},"product_brand":[],"product_cat":[906],"product_tag":[],"class_list":{"0":"post-10421","1":"product","2":"type-product","3":"status-publish","4":"has-post-thumbnail","6":"product_cat-uomo","7":"pa_linea-man","8":"pa_trattamenti-specifici-igiene-quotidiana-delicata","10":"first","11":"instock","12":"shipping-taxable","13":"purchasable","14":"product-type-simple"},"acf":[],"yoast_head":"<!-- This site is optimized with the Yoast SEO plugin v27.1.1 - https:\/\/yoast.com\/product\/yoast-seo-wordpress\/ -->\n<title>SOOTHING CLEANSING FOAM - Organics Pharm Venice Italy<\/title>\n<meta name=\"description\" content=\"Per la detersione del viso maschile, Mousse morbida ad effetto lenitivo, con estratti bio. aiuta a prevenire le irritazioni.\" \/>\n<meta name=\"robots\" content=\"index, follow, max-snippet:-1, max-image-preview:large, max-video-preview:-1\" \/>\n<link rel=\"canonical\" href=\"https:\/\/organicspharm.com\/en\/product\/soothing-cleaning-foam\/\" \/>\n<meta property=\"og:locale\" content=\"en_US\" \/>\n<meta property=\"og:type\" content=\"article\" \/>\n<meta property=\"og:title\" content=\"SOOTHING CLEANSING FOAM - Organics Pharm Venice Italy\" \/>\n<meta property=\"og:description\" content=\"Per la detersione del viso maschile, Mousse morbida ad effetto lenitivo, con estratti bio. aiuta a prevenire le irritazioni.\" \/>\n<meta property=\"og:url\" content=\"https:\/\/organicspharm.com\/en\/product\/soothing-cleaning-foam\/\" \/>\n<meta property=\"og:site_name\" content=\"Organics Pharm Venice Italy\" \/>\n<meta property=\"article:modified_time\" content=\"2025-10-27T18:10:16+00:00\" \/>\n<meta property=\"og:image\" content=\"https:\/\/organicspharm.com\/wp-content\/uploads\/2022\/07\/soothing_cleaising_foam.jpg\" \/>\n\t<meta property=\"og:image:width\" content=\"1000\" \/>\n\t<meta property=\"og:image:height\" content=\"1000\" \/>\n\t<meta property=\"og:image:type\" content=\"image\/jpeg\" \/>\n<meta name=\"twitter:card\" content=\"summary_large_image\" \/>\n<meta name=\"twitter:label1\" content=\"Est. reading time\" \/>\n\t<meta name=\"twitter:data1\" content=\"1 minute\" \/>\n<script type=\"application\/ld+json\" class=\"yoast-schema-graph\">{\"@context\":\"https:\/\/schema.org\",\"@graph\":[{\"@type\":\"WebPage\",\"@id\":\"https:\/\/organicspharm.com\/prodotto\/soothing-cleanising-foam\/\",\"url\":\"https:\/\/organicspharm.com\/prodotto\/soothing-cleanising-foam\/\",\"name\":\"SOOTHING CLEANSING FOAM - Organics Pharm Venice Italy\",\"isPartOf\":{\"@id\":\"http:\/\/organicspharm.com\/it\/#website\"},\"primaryImageOfPage\":{\"@id\":\"https:\/\/organicspharm.com\/prodotto\/soothing-cleanising-foam\/#primaryimage\"},\"image\":{\"@id\":\"https:\/\/organicspharm.com\/prodotto\/soothing-cleanising-foam\/#primaryimage\"},\"thumbnailUrl\":\"https:\/\/organicspharm.com\/wp-content\/uploads\/2022\/07\/soothing_cleaising_foam.jpg\",\"datePublished\":\"2022-07-09T11:39:26+00:00\",\"dateModified\":\"2025-10-27T18:10:16+00:00\",\"description\":\"Per la detersione del viso maschile, Mousse morbida ad effetto lenitivo, con estratti bio. aiuta a prevenire le irritazioni.\",\"breadcrumb\":{\"@id\":\"https:\/\/organicspharm.com\/prodotto\/soothing-cleanising-foam\/#breadcrumb\"},\"inLanguage\":\"en-US\",\"potentialAction\":[{\"@type\":\"ReadAction\",\"target\":[\"https:\/\/organicspharm.com\/prodotto\/soothing-cleanising-foam\/\"]}]},{\"@type\":\"ImageObject\",\"inLanguage\":\"en-US\",\"@id\":\"https:\/\/organicspharm.com\/prodotto\/soothing-cleanising-foam\/#primaryimage\",\"url\":\"https:\/\/organicspharm.com\/wp-content\/uploads\/2022\/07\/soothing_cleaising_foam.jpg\",\"contentUrl\":\"https:\/\/organicspharm.com\/wp-content\/uploads\/2022\/07\/soothing_cleaising_foam.jpg\",\"width\":1000,\"height\":1000,\"caption\":\"soothing_cleaising_foam\"},{\"@type\":\"BreadcrumbList\",\"@id\":\"https:\/\/organicspharm.com\/prodotto\/soothing-cleanising-foam\/#breadcrumb\",\"itemListElement\":[{\"@type\":\"ListItem\",\"position\":1,\"name\":\"Home\",\"item\":\"https:\/\/organicspharm.com\/\"},{\"@type\":\"ListItem\",\"position\":2,\"name\":\"Prodotti\",\"item\":\"https:\/\/organicspharm.com\/prodotti\/\"},{\"@type\":\"ListItem\",\"position\":3,\"name\":\"SOOTHING CLEANSING FOAM\"}]},{\"@type\":\"WebSite\",\"@id\":\"http:\/\/organicspharm.com\/it\/#website\",\"url\":\"http:\/\/organicspharm.com\/it\/\",\"name\":\"Organics Pharm Venice Italy\",\"description\":\"Per il tuo corpo, scegli la natura!\",\"publisher\":{\"@id\":\"http:\/\/organicspharm.com\/it\/#organization\"},\"potentialAction\":[{\"@type\":\"SearchAction\",\"target\":{\"@type\":\"EntryPoint\",\"urlTemplate\":\"http:\/\/organicspharm.com\/it\/?s={search_term_string}\"},\"query-input\":{\"@type\":\"PropertyValueSpecification\",\"valueRequired\":true,\"valueName\":\"search_term_string\"}}],\"inLanguage\":\"en-US\"},{\"@type\":\"Organization\",\"@id\":\"http:\/\/organicspharm.com\/it\/#organization\",\"name\":\"Organics Pharm\",\"url\":\"http:\/\/organicspharm.com\/it\/\",\"logo\":{\"@type\":\"ImageObject\",\"inLanguage\":\"en-US\",\"@id\":\"http:\/\/organicspharm.com\/it\/#\/schema\/logo\/image\/\",\"url\":\"https:\/\/organicspharm.com\/wp-content\/uploads\/2020\/03\/organics_pharm_footer.png\",\"contentUrl\":\"https:\/\/organicspharm.com\/wp-content\/uploads\/2020\/03\/organics_pharm_footer.png\",\"width\":200,\"height\":100,\"caption\":\"Organics Pharm\"},\"image\":{\"@id\":\"http:\/\/organicspharm.com\/it\/#\/schema\/logo\/image\/\"}}]}<\/script>\n<!-- \/ Yoast SEO plugin. -->","yoast_head_json":{"title":"SOOTHING CLEANSING FOAM - Organics Pharm Venice Italy","description":"For men's facial cleansing, Soothing effect soft mousse with organic extracts. helps prevent irritation.","robots":{"index":"index","follow":"follow","max-snippet":"max-snippet:-1","max-image-preview":"max-image-preview:large","max-video-preview":"max-video-preview:-1"},"canonical":"https:\/\/organicspharm.com\/en\/product\/soothing-cleaning-foam\/","og_locale":"en_US","og_type":"article","og_title":"SOOTHING CLEANSING FOAM - Organics Pharm Venice Italy","og_description":"Per la detersione del viso maschile, Mousse morbida ad effetto lenitivo, con estratti bio. aiuta a prevenire le irritazioni.","og_url":"https:\/\/organicspharm.com\/en\/product\/soothing-cleaning-foam\/","og_site_name":"Organics Pharm Venice Italy","article_modified_time":"2025-10-27T18:10:16+00:00","og_image":[{"width":1000,"height":1000,"url":"https:\/\/organicspharm.com\/wp-content\/uploads\/2022\/07\/soothing_cleaising_foam.jpg","type":"image\/jpeg"}],"twitter_card":"summary_large_image","twitter_misc":{"Est. reading time":"1 minute"},"schema":{"@context":"https:\/\/schema.org","@graph":[{"@type":"WebPage","@id":"https:\/\/organicspharm.com\/prodotto\/soothing-cleanising-foam\/","url":"https:\/\/organicspharm.com\/prodotto\/soothing-cleanising-foam\/","name":"SOOTHING CLEANSING FOAM - Organics Pharm Venice Italy","isPartOf":{"@id":"http:\/\/organicspharm.com\/it\/#website"},"primaryImageOfPage":{"@id":"https:\/\/organicspharm.com\/prodotto\/soothing-cleanising-foam\/#primaryimage"},"image":{"@id":"https:\/\/organicspharm.com\/prodotto\/soothing-cleanising-foam\/#primaryimage"},"thumbnailUrl":"https:\/\/organicspharm.com\/wp-content\/uploads\/2022\/07\/soothing_cleaising_foam.jpg","datePublished":"2022-07-09T11:39:26+00:00","dateModified":"2025-10-27T18:10:16+00:00","description":"For men's facial cleansing, Soothing effect soft mousse with organic extracts. helps prevent irritation.","breadcrumb":{"@id":"https:\/\/organicspharm.com\/prodotto\/soothing-cleanising-foam\/#breadcrumb"},"inLanguage":"en-US","potentialAction":[{"@type":"ReadAction","target":["https:\/\/organicspharm.com\/prodotto\/soothing-cleanising-foam\/"]}]},{"@type":"ImageObject","inLanguage":"en-US","@id":"https:\/\/organicspharm.com\/prodotto\/soothing-cleanising-foam\/#primaryimage","url":"https:\/\/organicspharm.com\/wp-content\/uploads\/2022\/07\/soothing_cleaising_foam.jpg","contentUrl":"https:\/\/organicspharm.com\/wp-content\/uploads\/2022\/07\/soothing_cleaising_foam.jpg","width":1000,"height":1000,"caption":"soothing_cleaising_foam"},{"@type":"BreadcrumbList","@id":"https:\/\/organicspharm.com\/prodotto\/soothing-cleanising-foam\/#breadcrumb","itemListElement":[{"@type":"ListItem","position":1,"name":"Home","item":"https:\/\/organicspharm.com\/"},{"@type":"ListItem","position":2,"name":"Prodotti","item":"https:\/\/organicspharm.com\/prodotti\/"},{"@type":"ListItem","position":3,"name":"SOOTHING CLEANSING FOAM"}]},{"@type":"WebSite","@id":"http:\/\/organicspharm.com\/it\/#website","url":"http:\/\/organicspharm.com\/it\/","name":"Organics Pharm Venice Italy","description":"For your body, choose nature!","publisher":{"@id":"http:\/\/organicspharm.com\/it\/#organization"},"potentialAction":[{"@type":"SearchAction","target":{"@type":"EntryPoint","urlTemplate":"http:\/\/organicspharm.com\/it\/?s={search_term_string}"},"query-input":{"@type":"PropertyValueSpecification","valueRequired":true,"valueName":"search_term_string"}}],"inLanguage":"en-US"},{"@type":"Organization","@id":"http:\/\/organicspharm.com\/it\/#organization","name":"Organics Pharm","url":"http:\/\/organicspharm.com\/it\/","logo":{"@type":"ImageObject","inLanguage":"en-US","@id":"http:\/\/organicspharm.com\/it\/#\/schema\/logo\/image\/","url":"https:\/\/organicspharm.com\/wp-content\/uploads\/2020\/03\/organics_pharm_footer.png","contentUrl":"https:\/\/organicspharm.com\/wp-content\/uploads\/2020\/03\/organics_pharm_footer.png","width":200,"height":100,"caption":"Organics Pharm"},"image":{"@id":"http:\/\/organicspharm.com\/it\/#\/schema\/logo\/image\/"}}]}},"_links":{"self":[{"href":"https:\/\/organicspharm.com\/en\/wp-json\/wp\/v2\/product\/10421","targetHints":{"allow":["GET"]}}],"collection":[{"href":"https:\/\/organicspharm.com\/en\/wp-json\/wp\/v2\/product"}],"about":[{"href":"https:\/\/organicspharm.com\/en\/wp-json\/wp\/v2\/types\/product"}],"wp:featuredmedia":[{"embeddable":true,"href":"https:\/\/organicspharm.com\/en\/wp-json\/wp\/v2\/media\/10422"}],"wp:attachment":[{"href":"https:\/\/organicspharm.com\/en\/wp-json\/wp\/v2\/media?parent=10421"}],"wp:term":[{"taxonomy":"product_brand","embeddable":true,"href":"https:\/\/organicspharm.com\/en\/wp-json\/wp\/v2\/product_brand?post=10421"},{"taxonomy":"product_cat","embeddable":true,"href":"https:\/\/organicspharm.com\/en\/wp-json\/wp\/v2\/product_cat?post=10421"},{"taxonomy":"product_tag","embeddable":true,"href":"https:\/\/organicspharm.com\/en\/wp-json\/wp\/v2\/product_tag?post=10421"}],"curies":[{"name":"wp","href":"https:\/\/api.w.org\/{rel}","templated":true}]}}