{"id":14620,"date":"2025-04-29T18:52:12","date_gmt":"2025-04-29T16:52:12","guid":{"rendered":"https:\/\/organicspharm.com\/prodotto\/antipollution-shampoo-shampoo-protettivo-anti-smog\/"},"modified":"2025-10-10T17:00:57","modified_gmt":"2025-10-10T15:00:57","slug":"antipollution-shampoo-shampoo-protettivo-anti-smog","status":"publish","type":"product","link":"https:\/\/organicspharm.com\/en\/product\/antipollution-shampoo-shampoo-protettivo-anti-smog\/","title":{"rendered":"ANTIPOLLUTION SHAMPOO"},"content":{"rendered":"<p>Shampoo detergente con azione purificante e detossinante, ideale per riequilibrare il cuoio capelluto e liberare i capelli da impurit\u00e0, residui e inquinamento. La sua formula \u00e8 arricchita con carbone attivo nero vegetale, noto per la sua capacit\u00e0 assorbente, e un mix di attivi naturali come radice di zenzero, boswelia, vitis vinifera e alga rossa Furcellaria lumbricalis. Deterge in profondit\u00e0 senza aggredire, lasciando la cute fresca, purificata e riequilibrata. Ideale per capelli spenti, appesantiti o esposti a smog e stress ambientali.<\/p>","protected":false},"excerpt":{"rendered":"<p>Shampoo detergente con azione purificante e detossinante con carbone attivo nero vegetale, radice di zenzero, boswelia, vitis vinifera e alga rossa furcellaria lumbrificata.<\/p>","protected":false},"featured_media":14660,"template":"","meta":{"_acf_changed":false,"_eb_attr":""},"product_brand":[],"product_cat":[899],"product_tag":[],"class_list":{"0":"post-14620","1":"product","2":"type-product","3":"status-publish","4":"has-post-thumbnail","6":"product_cat-shampoo","7":"pa_linea-antipollution","8":"pa_trattamenti-specifici-protezione-da-smog-e-stress","10":"first","11":"instock","12":"shipping-taxable","13":"purchasable","14":"product-type-simple"},"acf":[],"yoast_head":"<!-- This site is optimized with the Yoast SEO plugin v27.1.1 - https:\/\/yoast.com\/product\/yoast-seo-wordpress\/ -->\n<title>ANTIPOLLUTION SHAMPOO - Organics Pharm Venice Italy<\/title>\n<meta name=\"description\" content=\"Shampoo Antipollution: purificante e detossinante con carbone nero, cocco e zenzero. Adatto a tutti i tipi di capelli, uso frequente.\" \/>\n<meta name=\"robots\" content=\"index, follow, max-snippet:-1, max-image-preview:large, max-video-preview:-1\" \/>\n<link rel=\"canonical\" href=\"https:\/\/organicspharm.com\/en\/product\/antipollution-shampoo-shampoo-protettivo-anti-smog\/\" \/>\n<meta property=\"og:locale\" content=\"en_US\" \/>\n<meta property=\"og:type\" content=\"article\" \/>\n<meta property=\"og:title\" content=\"ANTIPOLLUTION SHAMPOO - Organics Pharm Venice Italy\" \/>\n<meta property=\"og:description\" content=\"Shampoo Antipollution: purificante e detossinante con carbone nero, cocco e zenzero. Adatto a tutti i tipi di capelli, uso frequente.\" \/>\n<meta property=\"og:url\" content=\"https:\/\/organicspharm.com\/en\/product\/antipollution-shampoo-shampoo-protettivo-anti-smog\/\" \/>\n<meta property=\"og:site_name\" content=\"Organics Pharm Venice Italy\" \/>\n<meta property=\"article:modified_time\" content=\"2025-10-10T15:00:57+00:00\" \/>\n<meta property=\"og:image\" content=\"https:\/\/organicspharm.com\/wp-content\/uploads\/2025\/04\/antipollution_shampoo_250ml.jpg\" \/>\n\t<meta property=\"og:image:width\" content=\"1500\" \/>\n\t<meta property=\"og:image:height\" content=\"1500\" \/>\n\t<meta property=\"og:image:type\" content=\"image\/jpeg\" \/>\n<meta name=\"twitter:card\" content=\"summary_large_image\" \/>\n<meta name=\"twitter:label1\" content=\"Est. reading time\" \/>\n\t<meta name=\"twitter:data1\" content=\"1 minute\" \/>\n<script type=\"application\/ld+json\" class=\"yoast-schema-graph\">{\"@context\":\"https:\/\/schema.org\",\"@graph\":[{\"@type\":\"WebPage\",\"@id\":\"https:\/\/organicspharm.com\/prodotto\/antipollution-shampoo-shampoo-protettivo-anti-smog\/\",\"url\":\"https:\/\/organicspharm.com\/prodotto\/antipollution-shampoo-shampoo-protettivo-anti-smog\/\",\"name\":\"ANTIPOLLUTION SHAMPOO - Organics Pharm Venice Italy\",\"isPartOf\":{\"@id\":\"http:\/\/organicspharm.com\/it\/#website\"},\"primaryImageOfPage\":{\"@id\":\"https:\/\/organicspharm.com\/prodotto\/antipollution-shampoo-shampoo-protettivo-anti-smog\/#primaryimage\"},\"image\":{\"@id\":\"https:\/\/organicspharm.com\/prodotto\/antipollution-shampoo-shampoo-protettivo-anti-smog\/#primaryimage\"},\"thumbnailUrl\":\"https:\/\/organicspharm.com\/wp-content\/uploads\/2025\/04\/antipollution_shampoo_250ml.jpg\",\"datePublished\":\"2025-04-29T16:52:12+00:00\",\"dateModified\":\"2025-10-10T15:00:57+00:00\",\"description\":\"Shampoo Antipollution: purificante e detossinante con carbone nero, cocco e zenzero. Adatto a tutti i tipi di capelli, uso frequente.\",\"breadcrumb\":{\"@id\":\"https:\/\/organicspharm.com\/prodotto\/antipollution-shampoo-shampoo-protettivo-anti-smog\/#breadcrumb\"},\"inLanguage\":\"en-US\",\"potentialAction\":[{\"@type\":\"ReadAction\",\"target\":[\"https:\/\/organicspharm.com\/prodotto\/antipollution-shampoo-shampoo-protettivo-anti-smog\/\"]}]},{\"@type\":\"ImageObject\",\"inLanguage\":\"en-US\",\"@id\":\"https:\/\/organicspharm.com\/prodotto\/antipollution-shampoo-shampoo-protettivo-anti-smog\/#primaryimage\",\"url\":\"https:\/\/organicspharm.com\/wp-content\/uploads\/2025\/04\/antipollution_shampoo_250ml.jpg\",\"contentUrl\":\"https:\/\/organicspharm.com\/wp-content\/uploads\/2025\/04\/antipollution_shampoo_250ml.jpg\",\"width\":1500,\"height\":1500,\"caption\":\"Antipollution Shampoo (Shampoo Protettivo Anti Smog) Organics Pharm\"},{\"@type\":\"BreadcrumbList\",\"@id\":\"https:\/\/organicspharm.com\/prodotto\/antipollution-shampoo-shampoo-protettivo-anti-smog\/#breadcrumb\",\"itemListElement\":[{\"@type\":\"ListItem\",\"position\":1,\"name\":\"Home\",\"item\":\"https:\/\/organicspharm.com\/\"},{\"@type\":\"ListItem\",\"position\":2,\"name\":\"Prodotti\",\"item\":\"https:\/\/organicspharm.com\/prodotti\/\"},{\"@type\":\"ListItem\",\"position\":3,\"name\":\"ANTIPOLLUTION SHAMPOO\"}]},{\"@type\":\"WebSite\",\"@id\":\"http:\/\/organicspharm.com\/it\/#website\",\"url\":\"http:\/\/organicspharm.com\/it\/\",\"name\":\"Organics Pharm Venice Italy\",\"description\":\"Per il tuo corpo, scegli la natura!\",\"publisher\":{\"@id\":\"http:\/\/organicspharm.com\/it\/#organization\"},\"potentialAction\":[{\"@type\":\"SearchAction\",\"target\":{\"@type\":\"EntryPoint\",\"urlTemplate\":\"http:\/\/organicspharm.com\/it\/?s={search_term_string}\"},\"query-input\":{\"@type\":\"PropertyValueSpecification\",\"valueRequired\":true,\"valueName\":\"search_term_string\"}}],\"inLanguage\":\"en-US\"},{\"@type\":\"Organization\",\"@id\":\"http:\/\/organicspharm.com\/it\/#organization\",\"name\":\"Organics Pharm\",\"url\":\"http:\/\/organicspharm.com\/it\/\",\"logo\":{\"@type\":\"ImageObject\",\"inLanguage\":\"en-US\",\"@id\":\"http:\/\/organicspharm.com\/it\/#\/schema\/logo\/image\/\",\"url\":\"https:\/\/organicspharm.com\/wp-content\/uploads\/2020\/03\/organics_pharm_footer.png\",\"contentUrl\":\"https:\/\/organicspharm.com\/wp-content\/uploads\/2020\/03\/organics_pharm_footer.png\",\"width\":200,\"height\":100,\"caption\":\"Organics Pharm\"},\"image\":{\"@id\":\"http:\/\/organicspharm.com\/it\/#\/schema\/logo\/image\/\"}}]}<\/script>\n<!-- \/ Yoast SEO plugin. -->","yoast_head_json":{"title":"ANTIPOLLUTION SHAMPOO - Organics Pharm Venice Italy","description":"Shampoo Antipollution: purificante e detossinante con carbone nero, cocco e zenzero. Adatto a tutti i tipi di capelli, uso frequente.","robots":{"index":"index","follow":"follow","max-snippet":"max-snippet:-1","max-image-preview":"max-image-preview:large","max-video-preview":"max-video-preview:-1"},"canonical":"https:\/\/organicspharm.com\/en\/product\/antipollution-shampoo-shampoo-protettivo-anti-smog\/","og_locale":"en_US","og_type":"article","og_title":"ANTIPOLLUTION SHAMPOO - Organics Pharm Venice Italy","og_description":"Shampoo Antipollution: purificante e detossinante con carbone nero, cocco e zenzero. Adatto a tutti i tipi di capelli, uso frequente.","og_url":"https:\/\/organicspharm.com\/en\/product\/antipollution-shampoo-shampoo-protettivo-anti-smog\/","og_site_name":"Organics Pharm Venice Italy","article_modified_time":"2025-10-10T15:00:57+00:00","og_image":[{"width":1500,"height":1500,"url":"https:\/\/organicspharm.com\/wp-content\/uploads\/2025\/04\/antipollution_shampoo_250ml.jpg","type":"image\/jpeg"}],"twitter_card":"summary_large_image","twitter_misc":{"Est. reading time":"1 minute"},"schema":{"@context":"https:\/\/schema.org","@graph":[{"@type":"WebPage","@id":"https:\/\/organicspharm.com\/prodotto\/antipollution-shampoo-shampoo-protettivo-anti-smog\/","url":"https:\/\/organicspharm.com\/prodotto\/antipollution-shampoo-shampoo-protettivo-anti-smog\/","name":"ANTIPOLLUTION SHAMPOO - Organics Pharm Venice Italy","isPartOf":{"@id":"http:\/\/organicspharm.com\/it\/#website"},"primaryImageOfPage":{"@id":"https:\/\/organicspharm.com\/prodotto\/antipollution-shampoo-shampoo-protettivo-anti-smog\/#primaryimage"},"image":{"@id":"https:\/\/organicspharm.com\/prodotto\/antipollution-shampoo-shampoo-protettivo-anti-smog\/#primaryimage"},"thumbnailUrl":"https:\/\/organicspharm.com\/wp-content\/uploads\/2025\/04\/antipollution_shampoo_250ml.jpg","datePublished":"2025-04-29T16:52:12+00:00","dateModified":"2025-10-10T15:00:57+00:00","description":"Shampoo Antipollution: purificante e detossinante con carbone nero, cocco e zenzero. Adatto a tutti i tipi di capelli, uso frequente.","breadcrumb":{"@id":"https:\/\/organicspharm.com\/prodotto\/antipollution-shampoo-shampoo-protettivo-anti-smog\/#breadcrumb"},"inLanguage":"en-US","potentialAction":[{"@type":"ReadAction","target":["https:\/\/organicspharm.com\/prodotto\/antipollution-shampoo-shampoo-protettivo-anti-smog\/"]}]},{"@type":"ImageObject","inLanguage":"en-US","@id":"https:\/\/organicspharm.com\/prodotto\/antipollution-shampoo-shampoo-protettivo-anti-smog\/#primaryimage","url":"https:\/\/organicspharm.com\/wp-content\/uploads\/2025\/04\/antipollution_shampoo_250ml.jpg","contentUrl":"https:\/\/organicspharm.com\/wp-content\/uploads\/2025\/04\/antipollution_shampoo_250ml.jpg","width":1500,"height":1500,"caption":"Antipollution Shampoo (Shampoo Protettivo Anti Smog) Organics Pharm"},{"@type":"BreadcrumbList","@id":"https:\/\/organicspharm.com\/prodotto\/antipollution-shampoo-shampoo-protettivo-anti-smog\/#breadcrumb","itemListElement":[{"@type":"ListItem","position":1,"name":"Home","item":"https:\/\/organicspharm.com\/"},{"@type":"ListItem","position":2,"name":"Prodotti","item":"https:\/\/organicspharm.com\/prodotti\/"},{"@type":"ListItem","position":3,"name":"ANTIPOLLUTION SHAMPOO"}]},{"@type":"WebSite","@id":"http:\/\/organicspharm.com\/it\/#website","url":"http:\/\/organicspharm.com\/it\/","name":"Organics Pharm Venice Italy","description":"For your body, choose nature!","publisher":{"@id":"http:\/\/organicspharm.com\/it\/#organization"},"potentialAction":[{"@type":"SearchAction","target":{"@type":"EntryPoint","urlTemplate":"http:\/\/organicspharm.com\/it\/?s={search_term_string}"},"query-input":{"@type":"PropertyValueSpecification","valueRequired":true,"valueName":"search_term_string"}}],"inLanguage":"en-US"},{"@type":"Organization","@id":"http:\/\/organicspharm.com\/it\/#organization","name":"Organics Pharm","url":"http:\/\/organicspharm.com\/it\/","logo":{"@type":"ImageObject","inLanguage":"en-US","@id":"http:\/\/organicspharm.com\/it\/#\/schema\/logo\/image\/","url":"https:\/\/organicspharm.com\/wp-content\/uploads\/2020\/03\/organics_pharm_footer.png","contentUrl":"https:\/\/organicspharm.com\/wp-content\/uploads\/2020\/03\/organics_pharm_footer.png","width":200,"height":100,"caption":"Organics Pharm"},"image":{"@id":"http:\/\/organicspharm.com\/it\/#\/schema\/logo\/image\/"}}]}},"_links":{"self":[{"href":"https:\/\/organicspharm.com\/en\/wp-json\/wp\/v2\/product\/14620","targetHints":{"allow":["GET"]}}],"collection":[{"href":"https:\/\/organicspharm.com\/en\/wp-json\/wp\/v2\/product"}],"about":[{"href":"https:\/\/organicspharm.com\/en\/wp-json\/wp\/v2\/types\/product"}],"wp:featuredmedia":[{"embeddable":true,"href":"https:\/\/organicspharm.com\/en\/wp-json\/wp\/v2\/media\/14660"}],"wp:attachment":[{"href":"https:\/\/organicspharm.com\/en\/wp-json\/wp\/v2\/media?parent=14620"}],"wp:term":[{"taxonomy":"product_brand","embeddable":true,"href":"https:\/\/organicspharm.com\/en\/wp-json\/wp\/v2\/product_brand?post=14620"},{"taxonomy":"product_cat","embeddable":true,"href":"https:\/\/organicspharm.com\/en\/wp-json\/wp\/v2\/product_cat?post=14620"},{"taxonomy":"product_tag","embeddable":true,"href":"https:\/\/organicspharm.com\/en\/wp-json\/wp\/v2\/product_tag?post=14620"}],"curies":[{"name":"wp","href":"https:\/\/api.w.org\/{rel}","templated":true}]}}