{"id":14623,"date":"2025-04-29T18:52:13","date_gmt":"2025-04-29T16:52:13","guid":{"rendered":"https:\/\/organicspharm.com\/prodotto\/antipollution-free-city-spray-spray-rinfrescante-capelli\/"},"modified":"2025-10-10T16:54:23","modified_gmt":"2025-10-10T14:54:23","slug":"antipollution-free-city-spray-spray-rinfrescante-capelli","status":"publish","type":"product","link":"https:\/\/organicspharm.com\/en\/product\/antipollution-free-city-spray-spray-rinfrescante-capelli\/","title":{"rendered":"ANTIPOLLUTION FREE CITY SPRAY"},"content":{"rendered":"<p>Spray deodorante, rinfrescante e purificante per capelli e cuoio capelluto. La sua formula ricca di attivi naturali come aloe, t\u00e8 verde, camelia sinensis, bamboo, arancio amaro, estratto di mela e buccia d\u2019uva aiuta a contrastare gli effetti di smog, odori e agenti atmosferici.<br \/>\nIdeale per un uso quotidiano, dona una piacevole sensazione di freschezza, purifica la cute e lascia i capelli leggeri, puliti e profumati, senza appesantirli. Perfetto da portare con s\u00e9 in citt\u00e0 per proteggere la chioma da inquinamento e impurit\u00e0.<\/p>","protected":false},"excerpt":{"rendered":"<p>Spray deodorante, rinfrescante e purificante per capelli e cuoio capelluto con aloe, camelia sinensis, bamboo, T\u00e9 verde, arancio amaro, estratto di buccia d\u2019uva ed estratto di mela<\/p>","protected":false},"featured_media":14651,"template":"","meta":{"_acf_changed":false,"_eb_attr":""},"product_brand":[],"product_cat":[888],"product_tag":[],"class_list":{"0":"post-14623","1":"product","2":"type-product","3":"status-publish","4":"has-post-thumbnail","6":"product_cat-antipollution","7":"pa_linea-antipollution","8":"pa_trattamenti-specifici-protezione-da-smog-e-stress","10":"first","11":"instock","12":"shipping-taxable","13":"purchasable","14":"product-type-simple"},"acf":[],"yoast_head":"<!-- This site is optimized with the Yoast SEO plugin v27.4 - https:\/\/yoast.com\/product\/yoast-seo-wordpress\/ -->\n<title>ANTIPOLLUTION FREE CITY SPRAY - Organics Pharm Venice Italy<\/title>\n<meta name=\"description\" content=\"Scopri il &quot;ANTIPOLLUTION FREE CITY SPRAY&quot;, lo spray rinfrescante per capelli che protegge dall&#039;inquinamento, dona freschezza e leggerezza.\" \/>\n<meta name=\"robots\" content=\"index, follow, max-snippet:-1, max-image-preview:large, max-video-preview:-1\" \/>\n<link rel=\"canonical\" href=\"https:\/\/organicspharm.com\/en\/product\/antipollution-free-city-spray-spray-rinfrescante-capelli\/\" \/>\n<meta property=\"og:locale\" content=\"en_US\" \/>\n<meta property=\"og:type\" content=\"article\" \/>\n<meta property=\"og:title\" content=\"ANTIPOLLUTION FREE CITY SPRAY - Organics Pharm Venice Italy\" \/>\n<meta property=\"og:description\" content=\"Scopri il &quot;ANTIPOLLUTION FREE CITY SPRAY&quot;, lo spray rinfrescante per capelli che protegge dall&#039;inquinamento, dona freschezza e leggerezza.\" \/>\n<meta property=\"og:url\" content=\"https:\/\/organicspharm.com\/en\/product\/antipollution-free-city-spray-spray-rinfrescante-capelli\/\" \/>\n<meta property=\"og:site_name\" content=\"Organics Pharm Venice Italy\" \/>\n<meta property=\"article:modified_time\" content=\"2025-10-10T14:54:23+00:00\" \/>\n<meta property=\"og:image\" content=\"https:\/\/organicspharm.com\/wp-content\/uploads\/2025\/04\/antipollution_spray_100ml.jpg\" \/>\n\t<meta property=\"og:image:width\" content=\"1500\" \/>\n\t<meta property=\"og:image:height\" content=\"1500\" \/>\n\t<meta property=\"og:image:type\" content=\"image\/jpeg\" \/>\n<meta name=\"twitter:card\" content=\"summary_large_image\" \/>\n<meta name=\"twitter:label1\" content=\"Est. reading time\" \/>\n\t<meta name=\"twitter:data1\" content=\"1 minute\" \/>\n<script type=\"application\/ld+json\" class=\"yoast-schema-graph\">{\"@context\":\"https:\\\/\\\/schema.org\",\"@graph\":[{\"@type\":\"WebPage\",\"@id\":\"https:\\\/\\\/organicspharm.com\\\/prodotto\\\/antipollution-free-city-spray-spray-rinfrescante-capelli\\\/\",\"url\":\"https:\\\/\\\/organicspharm.com\\\/prodotto\\\/antipollution-free-city-spray-spray-rinfrescante-capelli\\\/\",\"name\":\"ANTIPOLLUTION FREE CITY SPRAY - Organics Pharm Venice Italy\",\"isPartOf\":{\"@id\":\"http:\\\/\\\/organicspharm.com\\\/it\\\/#website\"},\"primaryImageOfPage\":{\"@id\":\"https:\\\/\\\/organicspharm.com\\\/prodotto\\\/antipollution-free-city-spray-spray-rinfrescante-capelli\\\/#primaryimage\"},\"image\":{\"@id\":\"https:\\\/\\\/organicspharm.com\\\/prodotto\\\/antipollution-free-city-spray-spray-rinfrescante-capelli\\\/#primaryimage\"},\"thumbnailUrl\":\"https:\\\/\\\/organicspharm.com\\\/wp-content\\\/uploads\\\/2025\\\/04\\\/antipollution_spray_100ml.jpg\",\"datePublished\":\"2025-04-29T16:52:13+00:00\",\"dateModified\":\"2025-10-10T14:54:23+00:00\",\"description\":\"Scopri il \\\"ANTIPOLLUTION FREE CITY SPRAY\\\", lo spray rinfrescante per capelli che protegge dall'inquinamento, dona freschezza e leggerezza.\",\"breadcrumb\":{\"@id\":\"https:\\\/\\\/organicspharm.com\\\/prodotto\\\/antipollution-free-city-spray-spray-rinfrescante-capelli\\\/#breadcrumb\"},\"inLanguage\":\"en-US\",\"potentialAction\":[{\"@type\":\"ReadAction\",\"target\":[\"https:\\\/\\\/organicspharm.com\\\/prodotto\\\/antipollution-free-city-spray-spray-rinfrescante-capelli\\\/\"]}]},{\"@type\":\"ImageObject\",\"inLanguage\":\"en-US\",\"@id\":\"https:\\\/\\\/organicspharm.com\\\/prodotto\\\/antipollution-free-city-spray-spray-rinfrescante-capelli\\\/#primaryimage\",\"url\":\"https:\\\/\\\/organicspharm.com\\\/wp-content\\\/uploads\\\/2025\\\/04\\\/antipollution_spray_100ml.jpg\",\"contentUrl\":\"https:\\\/\\\/organicspharm.com\\\/wp-content\\\/uploads\\\/2025\\\/04\\\/antipollution_spray_100ml.jpg\",\"width\":1500,\"height\":1500,\"caption\":\"Organics Pharm Antipollution Free City Spray (Spray Rinfrescante Capelli)\"},{\"@type\":\"BreadcrumbList\",\"@id\":\"https:\\\/\\\/organicspharm.com\\\/prodotto\\\/antipollution-free-city-spray-spray-rinfrescante-capelli\\\/#breadcrumb\",\"itemListElement\":[{\"@type\":\"ListItem\",\"position\":1,\"name\":\"Home\",\"item\":\"https:\\\/\\\/organicspharm.com\\\/\"},{\"@type\":\"ListItem\",\"position\":2,\"name\":\"Prodotti\",\"item\":\"https:\\\/\\\/organicspharm.com\\\/prodotti\\\/\"},{\"@type\":\"ListItem\",\"position\":3,\"name\":\"ANTIPOLLUTION FREE CITY SPRAY\"}]},{\"@type\":\"WebSite\",\"@id\":\"http:\\\/\\\/organicspharm.com\\\/it\\\/#website\",\"url\":\"http:\\\/\\\/organicspharm.com\\\/it\\\/\",\"name\":\"Organics Pharm Venice Italy\",\"description\":\"Per il tuo corpo, scegli la natura!\",\"publisher\":{\"@id\":\"http:\\\/\\\/organicspharm.com\\\/it\\\/#organization\"},\"potentialAction\":[{\"@type\":\"SearchAction\",\"target\":{\"@type\":\"EntryPoint\",\"urlTemplate\":\"http:\\\/\\\/organicspharm.com\\\/it\\\/?s={search_term_string}\"},\"query-input\":{\"@type\":\"PropertyValueSpecification\",\"valueRequired\":true,\"valueName\":\"search_term_string\"}}],\"inLanguage\":\"en-US\"},{\"@type\":\"Organization\",\"@id\":\"http:\\\/\\\/organicspharm.com\\\/it\\\/#organization\",\"name\":\"Organics Pharm\",\"url\":\"http:\\\/\\\/organicspharm.com\\\/it\\\/\",\"logo\":{\"@type\":\"ImageObject\",\"inLanguage\":\"en-US\",\"@id\":\"http:\\\/\\\/organicspharm.com\\\/it\\\/#\\\/schema\\\/logo\\\/image\\\/\",\"url\":\"https:\\\/\\\/organicspharm.com\\\/wp-content\\\/uploads\\\/2020\\\/03\\\/organics_pharm_footer.png\",\"contentUrl\":\"https:\\\/\\\/organicspharm.com\\\/wp-content\\\/uploads\\\/2020\\\/03\\\/organics_pharm_footer.png\",\"width\":200,\"height\":100,\"caption\":\"Organics Pharm\"},\"image\":{\"@id\":\"http:\\\/\\\/organicspharm.com\\\/it\\\/#\\\/schema\\\/logo\\\/image\\\/\"}}]}<\/script>\n<!-- \/ Yoast SEO plugin. -->","yoast_head_json":{"title":"ANTIPOLLUTION FREE CITY SPRAY - Organics Pharm Venice Italy","description":"Scopri il \"ANTIPOLLUTION FREE CITY SPRAY\", lo spray rinfrescante per capelli che protegge dall'inquinamento, dona freschezza e leggerezza.","robots":{"index":"index","follow":"follow","max-snippet":"max-snippet:-1","max-image-preview":"max-image-preview:large","max-video-preview":"max-video-preview:-1"},"canonical":"https:\/\/organicspharm.com\/en\/product\/antipollution-free-city-spray-spray-rinfrescante-capelli\/","og_locale":"en_US","og_type":"article","og_title":"ANTIPOLLUTION FREE CITY SPRAY - Organics Pharm Venice Italy","og_description":"Scopri il \"ANTIPOLLUTION FREE CITY SPRAY\", lo spray rinfrescante per capelli che protegge dall'inquinamento, dona freschezza e leggerezza.","og_url":"https:\/\/organicspharm.com\/en\/product\/antipollution-free-city-spray-spray-rinfrescante-capelli\/","og_site_name":"Organics Pharm Venice Italy","article_modified_time":"2025-10-10T14:54:23+00:00","og_image":[{"width":1500,"height":1500,"url":"https:\/\/organicspharm.com\/wp-content\/uploads\/2025\/04\/antipollution_spray_100ml.jpg","type":"image\/jpeg"}],"twitter_card":"summary_large_image","twitter_misc":{"Est. reading time":"1 minute"},"schema":{"@context":"https:\/\/schema.org","@graph":[{"@type":"WebPage","@id":"https:\/\/organicspharm.com\/prodotto\/antipollution-free-city-spray-spray-rinfrescante-capelli\/","url":"https:\/\/organicspharm.com\/prodotto\/antipollution-free-city-spray-spray-rinfrescante-capelli\/","name":"ANTIPOLLUTION FREE CITY SPRAY - Organics Pharm Venice Italy","isPartOf":{"@id":"http:\/\/organicspharm.com\/it\/#website"},"primaryImageOfPage":{"@id":"https:\/\/organicspharm.com\/prodotto\/antipollution-free-city-spray-spray-rinfrescante-capelli\/#primaryimage"},"image":{"@id":"https:\/\/organicspharm.com\/prodotto\/antipollution-free-city-spray-spray-rinfrescante-capelli\/#primaryimage"},"thumbnailUrl":"https:\/\/organicspharm.com\/wp-content\/uploads\/2025\/04\/antipollution_spray_100ml.jpg","datePublished":"2025-04-29T16:52:13+00:00","dateModified":"2025-10-10T14:54:23+00:00","description":"Scopri il \"ANTIPOLLUTION FREE CITY SPRAY\", lo spray rinfrescante per capelli che protegge dall'inquinamento, dona freschezza e leggerezza.","breadcrumb":{"@id":"https:\/\/organicspharm.com\/prodotto\/antipollution-free-city-spray-spray-rinfrescante-capelli\/#breadcrumb"},"inLanguage":"en-US","potentialAction":[{"@type":"ReadAction","target":["https:\/\/organicspharm.com\/prodotto\/antipollution-free-city-spray-spray-rinfrescante-capelli\/"]}]},{"@type":"ImageObject","inLanguage":"en-US","@id":"https:\/\/organicspharm.com\/prodotto\/antipollution-free-city-spray-spray-rinfrescante-capelli\/#primaryimage","url":"https:\/\/organicspharm.com\/wp-content\/uploads\/2025\/04\/antipollution_spray_100ml.jpg","contentUrl":"https:\/\/organicspharm.com\/wp-content\/uploads\/2025\/04\/antipollution_spray_100ml.jpg","width":1500,"height":1500,"caption":"Organics Pharm Antipollution Free City Spray (Spray Rinfrescante Capelli)"},{"@type":"BreadcrumbList","@id":"https:\/\/organicspharm.com\/prodotto\/antipollution-free-city-spray-spray-rinfrescante-capelli\/#breadcrumb","itemListElement":[{"@type":"ListItem","position":1,"name":"Home","item":"https:\/\/organicspharm.com\/"},{"@type":"ListItem","position":2,"name":"Prodotti","item":"https:\/\/organicspharm.com\/prodotti\/"},{"@type":"ListItem","position":3,"name":"ANTIPOLLUTION FREE CITY SPRAY"}]},{"@type":"WebSite","@id":"http:\/\/organicspharm.com\/it\/#website","url":"http:\/\/organicspharm.com\/it\/","name":"Organics Pharm Venice Italy","description":"For your body, choose nature!","publisher":{"@id":"http:\/\/organicspharm.com\/it\/#organization"},"potentialAction":[{"@type":"SearchAction","target":{"@type":"EntryPoint","urlTemplate":"http:\/\/organicspharm.com\/it\/?s={search_term_string}"},"query-input":{"@type":"PropertyValueSpecification","valueRequired":true,"valueName":"search_term_string"}}],"inLanguage":"en-US"},{"@type":"Organization","@id":"http:\/\/organicspharm.com\/it\/#organization","name":"Organics Pharm","url":"http:\/\/organicspharm.com\/it\/","logo":{"@type":"ImageObject","inLanguage":"en-US","@id":"http:\/\/organicspharm.com\/it\/#\/schema\/logo\/image\/","url":"https:\/\/organicspharm.com\/wp-content\/uploads\/2020\/03\/organics_pharm_footer.png","contentUrl":"https:\/\/organicspharm.com\/wp-content\/uploads\/2020\/03\/organics_pharm_footer.png","width":200,"height":100,"caption":"Organics Pharm"},"image":{"@id":"http:\/\/organicspharm.com\/it\/#\/schema\/logo\/image\/"}}]}},"_links":{"self":[{"href":"https:\/\/organicspharm.com\/en\/wp-json\/wp\/v2\/product\/14623","targetHints":{"allow":["GET"]}}],"collection":[{"href":"https:\/\/organicspharm.com\/en\/wp-json\/wp\/v2\/product"}],"about":[{"href":"https:\/\/organicspharm.com\/en\/wp-json\/wp\/v2\/types\/product"}],"wp:featuredmedia":[{"embeddable":true,"href":"https:\/\/organicspharm.com\/en\/wp-json\/wp\/v2\/media\/14651"}],"wp:attachment":[{"href":"https:\/\/organicspharm.com\/en\/wp-json\/wp\/v2\/media?parent=14623"}],"wp:term":[{"taxonomy":"product_brand","embeddable":true,"href":"https:\/\/organicspharm.com\/en\/wp-json\/wp\/v2\/product_brand?post=14623"},{"taxonomy":"product_cat","embeddable":true,"href":"https:\/\/organicspharm.com\/en\/wp-json\/wp\/v2\/product_cat?post=14623"},{"taxonomy":"product_tag","embeddable":true,"href":"https:\/\/organicspharm.com\/en\/wp-json\/wp\/v2\/product_tag?post=14623"}],"curies":[{"name":"wp","href":"https:\/\/api.w.org\/{rel}","templated":true}]}}