{"id":14626,"date":"2025-04-29T18:52:13","date_gmt":"2025-04-29T16:52:13","guid":{"rendered":"https:\/\/organicspharm.com\/prodotto\/antipollution-scented-water-acqua-profumata-tonificante-anti-age\/"},"modified":"2025-10-10T17:13:05","modified_gmt":"2025-10-10T15:13:05","slug":"antipollution-scented-water-acqua-profumata-tonificante-anti-age","status":"publish","type":"product","link":"https:\/\/organicspharm.com\/en\/product\/antipollution-scented-water-acqua-profumata-tonificante-anti-age\/","title":{"rendered":"ANTIPOLLUTION SCENTED WATER"},"content":{"rendered":"<p>Acqua micellare multiuso, ideale come tonico olistico per viso, corpo e capelli. La sua formula profumata \u00e8 arricchita con ingredienti ad azione idratante e rigenerante, pensata per offrire freschezza e vitalit\u00e0 in un solo gesto. Rimuove delicatamente impurit\u00e0 e residui di trucco, mentre rinfresca e riequilibra la pelle, lasciandola luminosa e levigata. Perfetta anche come tonico corpo post-doccia o come profumo leggero per i capelli. Adatta a tutti i tipi di pelle, anche le pi\u00f9 giovani, \u00e8 ideale per un uso quotidiano. Un trattamento delicato e completo per una routine di bellezza essenziale e naturale.<\/p>","protected":false},"excerpt":{"rendered":"<p>Acqua micellare profumata, tonico olistico con ingredienti ad azione idratante e rigenerante per viso, corpo e capelli. Adatto ad ogni tipo pelle gi\u00e0 dalla giovane et\u00e0, per uso quotidiano.<\/p>","protected":false},"featured_media":14638,"template":"","meta":{"_acf_changed":false,"_eb_attr":""},"product_brand":[],"product_cat":[888],"product_tag":[],"class_list":{"0":"post-14626","1":"product","2":"type-product","3":"status-publish","4":"has-post-thumbnail","6":"product_cat-antipollution","7":"pa_linea-antipollution","8":"pa_trattamenti-specifici-protezione-da-smog-e-stress","10":"first","11":"instock","12":"shipping-taxable","13":"purchasable","14":"product-type-simple"},"acf":[],"yoast_head":"<!-- This site is optimized with the Yoast SEO plugin v27.1.1 - https:\/\/yoast.com\/product\/yoast-seo-wordpress\/ -->\n<title>ANTIPOLLUTION SCENTED WATER - Organics Pharm Venice Italy<\/title>\n<meta name=\"description\" content=\"Antipollution Scented Water: idratazione e protezione per viso, corpo e capelli con effetto tonificante e anti-age.\" \/>\n<meta name=\"robots\" content=\"index, follow, max-snippet:-1, max-image-preview:large, max-video-preview:-1\" \/>\n<link rel=\"canonical\" href=\"https:\/\/organicspharm.com\/en\/product\/antipollution-scented-water-acqua-profumata-tonificante-anti-age\/\" \/>\n<meta property=\"og:locale\" content=\"en_US\" \/>\n<meta property=\"og:type\" content=\"article\" \/>\n<meta property=\"og:title\" content=\"ANTIPOLLUTION SCENTED WATER - Organics Pharm Venice Italy\" \/>\n<meta property=\"og:description\" content=\"Antipollution Scented Water: idratazione e protezione per viso, corpo e capelli con effetto tonificante e anti-age.\" \/>\n<meta property=\"og:url\" content=\"https:\/\/organicspharm.com\/en\/product\/antipollution-scented-water-acqua-profumata-tonificante-anti-age\/\" \/>\n<meta property=\"og:site_name\" content=\"Organics Pharm Venice Italy\" \/>\n<meta property=\"article:modified_time\" content=\"2025-10-10T15:13:05+00:00\" \/>\n<meta property=\"og:image\" content=\"https:\/\/organicspharm.com\/wp-content\/uploads\/2025\/04\/antipollution_scenteed_water_100ml.jpg\" \/>\n\t<meta property=\"og:image:width\" content=\"1500\" \/>\n\t<meta property=\"og:image:height\" content=\"1500\" \/>\n\t<meta property=\"og:image:type\" content=\"image\/jpeg\" \/>\n<meta name=\"twitter:card\" content=\"summary_large_image\" \/>\n<meta name=\"twitter:label1\" content=\"Est. reading time\" \/>\n\t<meta name=\"twitter:data1\" content=\"1 minute\" \/>\n<script type=\"application\/ld+json\" class=\"yoast-schema-graph\">{\"@context\":\"https:\/\/schema.org\",\"@graph\":[{\"@type\":\"WebPage\",\"@id\":\"https:\/\/organicspharm.com\/prodotto\/antipollution-scented-water-acqua-profumata-tonificante-anti-age\/\",\"url\":\"https:\/\/organicspharm.com\/prodotto\/antipollution-scented-water-acqua-profumata-tonificante-anti-age\/\",\"name\":\"ANTIPOLLUTION SCENTED WATER - Organics Pharm Venice Italy\",\"isPartOf\":{\"@id\":\"http:\/\/organicspharm.com\/it\/#website\"},\"primaryImageOfPage\":{\"@id\":\"https:\/\/organicspharm.com\/prodotto\/antipollution-scented-water-acqua-profumata-tonificante-anti-age\/#primaryimage\"},\"image\":{\"@id\":\"https:\/\/organicspharm.com\/prodotto\/antipollution-scented-water-acqua-profumata-tonificante-anti-age\/#primaryimage\"},\"thumbnailUrl\":\"https:\/\/organicspharm.com\/wp-content\/uploads\/2025\/04\/antipollution_scenteed_water_100ml.jpg\",\"datePublished\":\"2025-04-29T16:52:13+00:00\",\"dateModified\":\"2025-10-10T15:13:05+00:00\",\"description\":\"Antipollution Scented Water: idratazione e protezione per viso, corpo e capelli con effetto tonificante e anti-age.\",\"breadcrumb\":{\"@id\":\"https:\/\/organicspharm.com\/prodotto\/antipollution-scented-water-acqua-profumata-tonificante-anti-age\/#breadcrumb\"},\"inLanguage\":\"en-US\",\"potentialAction\":[{\"@type\":\"ReadAction\",\"target\":[\"https:\/\/organicspharm.com\/prodotto\/antipollution-scented-water-acqua-profumata-tonificante-anti-age\/\"]}]},{\"@type\":\"ImageObject\",\"inLanguage\":\"en-US\",\"@id\":\"https:\/\/organicspharm.com\/prodotto\/antipollution-scented-water-acqua-profumata-tonificante-anti-age\/#primaryimage\",\"url\":\"https:\/\/organicspharm.com\/wp-content\/uploads\/2025\/04\/antipollution_scenteed_water_100ml.jpg\",\"contentUrl\":\"https:\/\/organicspharm.com\/wp-content\/uploads\/2025\/04\/antipollution_scenteed_water_100ml.jpg\",\"width\":1500,\"height\":1500,\"caption\":\"ANTIPOLLUTION SCENTED WATER ACQUA PROFUMATA TONIFICANTE, ANTI-AGE\"},{\"@type\":\"BreadcrumbList\",\"@id\":\"https:\/\/organicspharm.com\/prodotto\/antipollution-scented-water-acqua-profumata-tonificante-anti-age\/#breadcrumb\",\"itemListElement\":[{\"@type\":\"ListItem\",\"position\":1,\"name\":\"Home\",\"item\":\"https:\/\/organicspharm.com\/\"},{\"@type\":\"ListItem\",\"position\":2,\"name\":\"Prodotti\",\"item\":\"https:\/\/organicspharm.com\/prodotti\/\"},{\"@type\":\"ListItem\",\"position\":3,\"name\":\"ANTIPOLLUTION SCENTED WATER\"}]},{\"@type\":\"WebSite\",\"@id\":\"http:\/\/organicspharm.com\/it\/#website\",\"url\":\"http:\/\/organicspharm.com\/it\/\",\"name\":\"Organics Pharm Venice Italy\",\"description\":\"Per il tuo corpo, scegli la natura!\",\"publisher\":{\"@id\":\"http:\/\/organicspharm.com\/it\/#organization\"},\"potentialAction\":[{\"@type\":\"SearchAction\",\"target\":{\"@type\":\"EntryPoint\",\"urlTemplate\":\"http:\/\/organicspharm.com\/it\/?s={search_term_string}\"},\"query-input\":{\"@type\":\"PropertyValueSpecification\",\"valueRequired\":true,\"valueName\":\"search_term_string\"}}],\"inLanguage\":\"en-US\"},{\"@type\":\"Organization\",\"@id\":\"http:\/\/organicspharm.com\/it\/#organization\",\"name\":\"Organics Pharm\",\"url\":\"http:\/\/organicspharm.com\/it\/\",\"logo\":{\"@type\":\"ImageObject\",\"inLanguage\":\"en-US\",\"@id\":\"http:\/\/organicspharm.com\/it\/#\/schema\/logo\/image\/\",\"url\":\"https:\/\/organicspharm.com\/wp-content\/uploads\/2020\/03\/organics_pharm_footer.png\",\"contentUrl\":\"https:\/\/organicspharm.com\/wp-content\/uploads\/2020\/03\/organics_pharm_footer.png\",\"width\":200,\"height\":100,\"caption\":\"Organics Pharm\"},\"image\":{\"@id\":\"http:\/\/organicspharm.com\/it\/#\/schema\/logo\/image\/\"}}]}<\/script>\n<!-- \/ Yoast SEO plugin. -->","yoast_head_json":{"title":"ANTIPOLLUTION SCENTED WATER - Organics Pharm Venice Italy","description":"Antipollution Scented Water: idratazione e protezione per viso, corpo e capelli con effetto tonificante e anti-age.","robots":{"index":"index","follow":"follow","max-snippet":"max-snippet:-1","max-image-preview":"max-image-preview:large","max-video-preview":"max-video-preview:-1"},"canonical":"https:\/\/organicspharm.com\/en\/product\/antipollution-scented-water-acqua-profumata-tonificante-anti-age\/","og_locale":"en_US","og_type":"article","og_title":"ANTIPOLLUTION SCENTED WATER - Organics Pharm Venice Italy","og_description":"Antipollution Scented Water: idratazione e protezione per viso, corpo e capelli con effetto tonificante e anti-age.","og_url":"https:\/\/organicspharm.com\/en\/product\/antipollution-scented-water-acqua-profumata-tonificante-anti-age\/","og_site_name":"Organics Pharm Venice Italy","article_modified_time":"2025-10-10T15:13:05+00:00","og_image":[{"width":1500,"height":1500,"url":"https:\/\/organicspharm.com\/wp-content\/uploads\/2025\/04\/antipollution_scenteed_water_100ml.jpg","type":"image\/jpeg"}],"twitter_card":"summary_large_image","twitter_misc":{"Est. reading time":"1 minute"},"schema":{"@context":"https:\/\/schema.org","@graph":[{"@type":"WebPage","@id":"https:\/\/organicspharm.com\/prodotto\/antipollution-scented-water-acqua-profumata-tonificante-anti-age\/","url":"https:\/\/organicspharm.com\/prodotto\/antipollution-scented-water-acqua-profumata-tonificante-anti-age\/","name":"ANTIPOLLUTION SCENTED WATER - Organics Pharm Venice Italy","isPartOf":{"@id":"http:\/\/organicspharm.com\/it\/#website"},"primaryImageOfPage":{"@id":"https:\/\/organicspharm.com\/prodotto\/antipollution-scented-water-acqua-profumata-tonificante-anti-age\/#primaryimage"},"image":{"@id":"https:\/\/organicspharm.com\/prodotto\/antipollution-scented-water-acqua-profumata-tonificante-anti-age\/#primaryimage"},"thumbnailUrl":"https:\/\/organicspharm.com\/wp-content\/uploads\/2025\/04\/antipollution_scenteed_water_100ml.jpg","datePublished":"2025-04-29T16:52:13+00:00","dateModified":"2025-10-10T15:13:05+00:00","description":"Antipollution Scented Water: idratazione e protezione per viso, corpo e capelli con effetto tonificante e anti-age.","breadcrumb":{"@id":"https:\/\/organicspharm.com\/prodotto\/antipollution-scented-water-acqua-profumata-tonificante-anti-age\/#breadcrumb"},"inLanguage":"en-US","potentialAction":[{"@type":"ReadAction","target":["https:\/\/organicspharm.com\/prodotto\/antipollution-scented-water-acqua-profumata-tonificante-anti-age\/"]}]},{"@type":"ImageObject","inLanguage":"en-US","@id":"https:\/\/organicspharm.com\/prodotto\/antipollution-scented-water-acqua-profumata-tonificante-anti-age\/#primaryimage","url":"https:\/\/organicspharm.com\/wp-content\/uploads\/2025\/04\/antipollution_scenteed_water_100ml.jpg","contentUrl":"https:\/\/organicspharm.com\/wp-content\/uploads\/2025\/04\/antipollution_scenteed_water_100ml.jpg","width":1500,"height":1500,"caption":"ANTIPOLLUTION SCENTED WATER ACQUA PROFUMATA TONIFICANTE, ANTI-AGE"},{"@type":"BreadcrumbList","@id":"https:\/\/organicspharm.com\/prodotto\/antipollution-scented-water-acqua-profumata-tonificante-anti-age\/#breadcrumb","itemListElement":[{"@type":"ListItem","position":1,"name":"Home","item":"https:\/\/organicspharm.com\/"},{"@type":"ListItem","position":2,"name":"Prodotti","item":"https:\/\/organicspharm.com\/prodotti\/"},{"@type":"ListItem","position":3,"name":"ANTIPOLLUTION SCENTED WATER"}]},{"@type":"WebSite","@id":"http:\/\/organicspharm.com\/it\/#website","url":"http:\/\/organicspharm.com\/it\/","name":"Organics Pharm Venice Italy","description":"For your body, choose nature!","publisher":{"@id":"http:\/\/organicspharm.com\/it\/#organization"},"potentialAction":[{"@type":"SearchAction","target":{"@type":"EntryPoint","urlTemplate":"http:\/\/organicspharm.com\/it\/?s={search_term_string}"},"query-input":{"@type":"PropertyValueSpecification","valueRequired":true,"valueName":"search_term_string"}}],"inLanguage":"en-US"},{"@type":"Organization","@id":"http:\/\/organicspharm.com\/it\/#organization","name":"Organics Pharm","url":"http:\/\/organicspharm.com\/it\/","logo":{"@type":"ImageObject","inLanguage":"en-US","@id":"http:\/\/organicspharm.com\/it\/#\/schema\/logo\/image\/","url":"https:\/\/organicspharm.com\/wp-content\/uploads\/2020\/03\/organics_pharm_footer.png","contentUrl":"https:\/\/organicspharm.com\/wp-content\/uploads\/2020\/03\/organics_pharm_footer.png","width":200,"height":100,"caption":"Organics Pharm"},"image":{"@id":"http:\/\/organicspharm.com\/it\/#\/schema\/logo\/image\/"}}]}},"_links":{"self":[{"href":"https:\/\/organicspharm.com\/en\/wp-json\/wp\/v2\/product\/14626","targetHints":{"allow":["GET"]}}],"collection":[{"href":"https:\/\/organicspharm.com\/en\/wp-json\/wp\/v2\/product"}],"about":[{"href":"https:\/\/organicspharm.com\/en\/wp-json\/wp\/v2\/types\/product"}],"wp:featuredmedia":[{"embeddable":true,"href":"https:\/\/organicspharm.com\/en\/wp-json\/wp\/v2\/media\/14638"}],"wp:attachment":[{"href":"https:\/\/organicspharm.com\/en\/wp-json\/wp\/v2\/media?parent=14626"}],"wp:term":[{"taxonomy":"product_brand","embeddable":true,"href":"https:\/\/organicspharm.com\/en\/wp-json\/wp\/v2\/product_brand?post=14626"},{"taxonomy":"product_cat","embeddable":true,"href":"https:\/\/organicspharm.com\/en\/wp-json\/wp\/v2\/product_cat?post=14626"},{"taxonomy":"product_tag","embeddable":true,"href":"https:\/\/organicspharm.com\/en\/wp-json\/wp\/v2\/product_tag?post=14626"}],"curies":[{"name":"wp","href":"https:\/\/api.w.org\/{rel}","templated":true}]}}