{"id":16267,"date":"2025-12-20T15:00:49","date_gmt":"2025-12-20T14:00:49","guid":{"rendered":"https:\/\/organicspharm.com\/?post_type=product&#038;p=16267"},"modified":"2026-02-25T19:42:12","modified_gmt":"2026-02-25T18:42:12","slug":"crema-antiage","status":"publish","type":"product","link":"https:\/\/organicspharm.com\/en\/product\/crema-antiage\/","title":{"rendered":"CREMA ANTIAGE"},"content":{"rendered":"<p>La crema viso anti-age, \u00e8 pensata per prevenire e contrastare i segni del tempo, la pelle rilassata e i segni visibili di stanchezza. La sua formula rassodante, arricchita con prezioso estratto di Zafferano, Acqua Biologica di Rosa Damascena e Burro di Karit\u00e9, agisce in profondit\u00e0 per migliorare elasticit\u00e0 e compattezza, attenuando le rughe e donando al viso un aspetto pi\u00f9 tonico, levigato e luminoso. Gli oli di Argan, Cocco, Oliva e Jojoba nutrono la pelle, mentre l\u2019Acido Ialuronico e il Coenzima Q10 la rendono visibilmente pi\u00f9 giovane e radiosa. Adatta a tutti i tipi di pelle, anche le pi\u00f9 sensibili, trasforma la tua routine quotidiana in un vero rituale di benessere e lusso.<\/p>","protected":false},"excerpt":{"rendered":"<p>Crema viso con estratto di Zafferano e Acido Ialuronico, previene e contrasta i segni del tempo. Rassoda, leviga e illumina la pelle.<\/p>","protected":false},"featured_media":16270,"template":"","meta":{"_acf_changed":false,"_eb_attr":""},"product_brand":[],"product_cat":[941],"product_tag":[],"class_list":{"0":"post-16267","1":"product","2":"type-product","3":"status-publish","4":"has-post-thumbnail","6":"product_cat-viso-e-skincare","7":"pa_linea-skin-care","9":"first","10":"instock","11":"shipping-taxable","12":"purchasable","13":"product-type-simple"},"acf":[],"yoast_head":"<!-- This site is optimized with the Yoast SEO plugin v27.1.1 - https:\/\/yoast.com\/product\/yoast-seo-wordpress\/ -->\n<title>CREMA ANTIAGE - Organics Pharm Venice Italy<\/title>\n<meta name=\"robots\" content=\"index, follow, max-snippet:-1, max-image-preview:large, max-video-preview:-1\" \/>\n<link rel=\"canonical\" href=\"https:\/\/organicspharm.com\/en\/product\/crema-antiage\/\" \/>\n<meta property=\"og:locale\" content=\"en_US\" \/>\n<meta property=\"og:type\" content=\"article\" \/>\n<meta property=\"og:title\" content=\"CREMA ANTIAGE - Organics Pharm Venice Italy\" \/>\n<meta property=\"og:description\" content=\"Crema viso con estratto di Zafferano e Acido Ialuronico, previene e contrasta i segni del tempo. Rassoda, leviga e illumina la pelle.\" \/>\n<meta property=\"og:url\" content=\"https:\/\/organicspharm.com\/en\/product\/crema-antiage\/\" \/>\n<meta property=\"og:site_name\" content=\"Organics Pharm Venice Italy\" \/>\n<meta property=\"article:modified_time\" content=\"2026-02-25T18:42:12+00:00\" \/>\n<meta property=\"og:image\" content=\"https:\/\/organicspharm.com\/wp-content\/uploads\/2025\/12\/ANTI-AGE-WEB.jpg\" \/>\n\t<meta property=\"og:image:width\" content=\"1500\" \/>\n\t<meta property=\"og:image:height\" content=\"1500\" \/>\n\t<meta property=\"og:image:type\" content=\"image\/jpeg\" \/>\n<meta name=\"twitter:card\" content=\"summary_large_image\" \/>\n<meta name=\"twitter:label1\" content=\"Est. reading time\" \/>\n\t<meta name=\"twitter:data1\" content=\"1 minute\" \/>\n<script type=\"application\/ld+json\" class=\"yoast-schema-graph\">{\"@context\":\"https:\/\/schema.org\",\"@graph\":[{\"@type\":\"WebPage\",\"@id\":\"https:\/\/organicspharm.com\/prodotto\/crema-antiage\/\",\"url\":\"https:\/\/organicspharm.com\/prodotto\/crema-antiage\/\",\"name\":\"CREMA ANTIAGE - Organics Pharm Venice Italy\",\"isPartOf\":{\"@id\":\"http:\/\/organicspharm.com\/it\/#website\"},\"primaryImageOfPage\":{\"@id\":\"https:\/\/organicspharm.com\/prodotto\/crema-antiage\/#primaryimage\"},\"image\":{\"@id\":\"https:\/\/organicspharm.com\/prodotto\/crema-antiage\/#primaryimage\"},\"thumbnailUrl\":\"https:\/\/organicspharm.com\/wp-content\/uploads\/2025\/12\/ANTI-AGE-WEB.jpg\",\"datePublished\":\"2025-12-20T14:00:49+00:00\",\"dateModified\":\"2026-02-25T18:42:12+00:00\",\"breadcrumb\":{\"@id\":\"https:\/\/organicspharm.com\/prodotto\/crema-antiage\/#breadcrumb\"},\"inLanguage\":\"en-US\",\"potentialAction\":[{\"@type\":\"ReadAction\",\"target\":[\"https:\/\/organicspharm.com\/prodotto\/crema-antiage\/\"]}]},{\"@type\":\"ImageObject\",\"inLanguage\":\"en-US\",\"@id\":\"https:\/\/organicspharm.com\/prodotto\/crema-antiage\/#primaryimage\",\"url\":\"https:\/\/organicspharm.com\/wp-content\/uploads\/2025\/12\/ANTI-AGE-WEB.jpg\",\"contentUrl\":\"https:\/\/organicspharm.com\/wp-content\/uploads\/2025\/12\/ANTI-AGE-WEB.jpg\",\"width\":1500,\"height\":1500,\"caption\":\"ANTI-AGE-WEB\"},{\"@type\":\"BreadcrumbList\",\"@id\":\"https:\/\/organicspharm.com\/prodotto\/crema-antiage\/#breadcrumb\",\"itemListElement\":[{\"@type\":\"ListItem\",\"position\":1,\"name\":\"Home\",\"item\":\"https:\/\/organicspharm.com\/\"},{\"@type\":\"ListItem\",\"position\":2,\"name\":\"Prodotti\",\"item\":\"https:\/\/organicspharm.com\/prodotti\/\"},{\"@type\":\"ListItem\",\"position\":3,\"name\":\"CREMA ANTIAGE\"}]},{\"@type\":\"WebSite\",\"@id\":\"http:\/\/organicspharm.com\/it\/#website\",\"url\":\"http:\/\/organicspharm.com\/it\/\",\"name\":\"Organics Pharm Venice Italy\",\"description\":\"Per il tuo corpo, scegli la natura!\",\"publisher\":{\"@id\":\"http:\/\/organicspharm.com\/it\/#organization\"},\"potentialAction\":[{\"@type\":\"SearchAction\",\"target\":{\"@type\":\"EntryPoint\",\"urlTemplate\":\"http:\/\/organicspharm.com\/it\/?s={search_term_string}\"},\"query-input\":{\"@type\":\"PropertyValueSpecification\",\"valueRequired\":true,\"valueName\":\"search_term_string\"}}],\"inLanguage\":\"en-US\"},{\"@type\":\"Organization\",\"@id\":\"http:\/\/organicspharm.com\/it\/#organization\",\"name\":\"Organics Pharm\",\"url\":\"http:\/\/organicspharm.com\/it\/\",\"logo\":{\"@type\":\"ImageObject\",\"inLanguage\":\"en-US\",\"@id\":\"http:\/\/organicspharm.com\/it\/#\/schema\/logo\/image\/\",\"url\":\"https:\/\/organicspharm.com\/wp-content\/uploads\/2020\/03\/organics_pharm_footer.png\",\"contentUrl\":\"https:\/\/organicspharm.com\/wp-content\/uploads\/2020\/03\/organics_pharm_footer.png\",\"width\":200,\"height\":100,\"caption\":\"Organics Pharm\"},\"image\":{\"@id\":\"http:\/\/organicspharm.com\/it\/#\/schema\/logo\/image\/\"}}]}<\/script>\n<!-- \/ Yoast SEO plugin. -->","yoast_head_json":{"title":"CREMA ANTIAGE - Organics Pharm Venice Italy","robots":{"index":"index","follow":"follow","max-snippet":"max-snippet:-1","max-image-preview":"max-image-preview:large","max-video-preview":"max-video-preview:-1"},"canonical":"https:\/\/organicspharm.com\/en\/product\/crema-antiage\/","og_locale":"en_US","og_type":"article","og_title":"CREMA ANTIAGE - Organics Pharm Venice Italy","og_description":"Crema viso con estratto di Zafferano e Acido Ialuronico, previene e contrasta i segni del tempo. Rassoda, leviga e illumina la pelle.","og_url":"https:\/\/organicspharm.com\/en\/product\/crema-antiage\/","og_site_name":"Organics Pharm Venice Italy","article_modified_time":"2026-02-25T18:42:12+00:00","og_image":[{"width":1500,"height":1500,"url":"https:\/\/organicspharm.com\/wp-content\/uploads\/2025\/12\/ANTI-AGE-WEB.jpg","type":"image\/jpeg"}],"twitter_card":"summary_large_image","twitter_misc":{"Est. reading time":"1 minute"},"schema":{"@context":"https:\/\/schema.org","@graph":[{"@type":"WebPage","@id":"https:\/\/organicspharm.com\/prodotto\/crema-antiage\/","url":"https:\/\/organicspharm.com\/prodotto\/crema-antiage\/","name":"CREMA ANTIAGE - Organics Pharm Venice Italy","isPartOf":{"@id":"http:\/\/organicspharm.com\/it\/#website"},"primaryImageOfPage":{"@id":"https:\/\/organicspharm.com\/prodotto\/crema-antiage\/#primaryimage"},"image":{"@id":"https:\/\/organicspharm.com\/prodotto\/crema-antiage\/#primaryimage"},"thumbnailUrl":"https:\/\/organicspharm.com\/wp-content\/uploads\/2025\/12\/ANTI-AGE-WEB.jpg","datePublished":"2025-12-20T14:00:49+00:00","dateModified":"2026-02-25T18:42:12+00:00","breadcrumb":{"@id":"https:\/\/organicspharm.com\/prodotto\/crema-antiage\/#breadcrumb"},"inLanguage":"en-US","potentialAction":[{"@type":"ReadAction","target":["https:\/\/organicspharm.com\/prodotto\/crema-antiage\/"]}]},{"@type":"ImageObject","inLanguage":"en-US","@id":"https:\/\/organicspharm.com\/prodotto\/crema-antiage\/#primaryimage","url":"https:\/\/organicspharm.com\/wp-content\/uploads\/2025\/12\/ANTI-AGE-WEB.jpg","contentUrl":"https:\/\/organicspharm.com\/wp-content\/uploads\/2025\/12\/ANTI-AGE-WEB.jpg","width":1500,"height":1500,"caption":"ANTI-AGE-WEB"},{"@type":"BreadcrumbList","@id":"https:\/\/organicspharm.com\/prodotto\/crema-antiage\/#breadcrumb","itemListElement":[{"@type":"ListItem","position":1,"name":"Home","item":"https:\/\/organicspharm.com\/"},{"@type":"ListItem","position":2,"name":"Prodotti","item":"https:\/\/organicspharm.com\/prodotti\/"},{"@type":"ListItem","position":3,"name":"CREMA ANTIAGE"}]},{"@type":"WebSite","@id":"http:\/\/organicspharm.com\/it\/#website","url":"http:\/\/organicspharm.com\/it\/","name":"Organics Pharm Venice Italy","description":"For your body, choose nature!","publisher":{"@id":"http:\/\/organicspharm.com\/it\/#organization"},"potentialAction":[{"@type":"SearchAction","target":{"@type":"EntryPoint","urlTemplate":"http:\/\/organicspharm.com\/it\/?s={search_term_string}"},"query-input":{"@type":"PropertyValueSpecification","valueRequired":true,"valueName":"search_term_string"}}],"inLanguage":"en-US"},{"@type":"Organization","@id":"http:\/\/organicspharm.com\/it\/#organization","name":"Organics Pharm","url":"http:\/\/organicspharm.com\/it\/","logo":{"@type":"ImageObject","inLanguage":"en-US","@id":"http:\/\/organicspharm.com\/it\/#\/schema\/logo\/image\/","url":"https:\/\/organicspharm.com\/wp-content\/uploads\/2020\/03\/organics_pharm_footer.png","contentUrl":"https:\/\/organicspharm.com\/wp-content\/uploads\/2020\/03\/organics_pharm_footer.png","width":200,"height":100,"caption":"Organics Pharm"},"image":{"@id":"http:\/\/organicspharm.com\/it\/#\/schema\/logo\/image\/"}}]}},"_links":{"self":[{"href":"https:\/\/organicspharm.com\/en\/wp-json\/wp\/v2\/product\/16267","targetHints":{"allow":["GET"]}}],"collection":[{"href":"https:\/\/organicspharm.com\/en\/wp-json\/wp\/v2\/product"}],"about":[{"href":"https:\/\/organicspharm.com\/en\/wp-json\/wp\/v2\/types\/product"}],"wp:featuredmedia":[{"embeddable":true,"href":"https:\/\/organicspharm.com\/en\/wp-json\/wp\/v2\/media\/16270"}],"wp:attachment":[{"href":"https:\/\/organicspharm.com\/en\/wp-json\/wp\/v2\/media?parent=16267"}],"wp:term":[{"taxonomy":"product_brand","embeddable":true,"href":"https:\/\/organicspharm.com\/en\/wp-json\/wp\/v2\/product_brand?post=16267"},{"taxonomy":"product_cat","embeddable":true,"href":"https:\/\/organicspharm.com\/en\/wp-json\/wp\/v2\/product_cat?post=16267"},{"taxonomy":"product_tag","embeddable":true,"href":"https:\/\/organicspharm.com\/en\/wp-json\/wp\/v2\/product_tag?post=16267"}],"curies":[{"name":"wp","href":"https:\/\/api.w.org\/{rel}","templated":true}]}}