{"id":16646,"date":"2026-04-24T15:54:31","date_gmt":"2026-04-24T13:54:31","guid":{"rendered":"https:\/\/organicspharm.com\/?post_type=product&#038;p=16646"},"modified":"2026-04-24T15:54:31","modified_gmt":"2026-04-24T13:54:31","slug":"shampoo-ristrutturante","status":"publish","type":"product","link":"https:\/\/organicspharm.com\/en\/product\/shampoo-ristrutturante\/","title":{"rendered":"SHAMPOO RISTRUTTURANTE"},"content":{"rendered":"<p>La linea Resurrection \u00e8 il trattamento ricostruttore intensivo progettato per rigenerare profondamente i capelli danneggiati, stressati o trattati chimicamente. Grazie a una sinergia avanzata di attivi naturali come la Fitocheratina vegetale di canapa e riso e l\u2019estratto di castagna, questa linea rinforza la fibra dall&#8217;interno, eliminando l&#8217;effetto crespo e restituendo alla chioma la sua originaria forza e brillantezza. SHAMPOO RISTRUTTURANTE (250 ml)Detersione delicata e rigenerante per capelli che hanno perso vitalit\u00e0. Cosa fa: Deterge con dolcezza apportando corpo, elasticit\u00e0 e luminosit\u00e0 anche ai capelli pi\u00f9 fini. Ingredienti chiave: Arricchito con Collagene idrolizzato, Linfa di Bamb\u00f9 (ricca di silice naturale) e Olio di Baobab, essenziali per ricompattare la cuticola e proteggere dalla disidratazione. Ideale per: Uso quotidiano su capelli sfibrati, porosi o che necessitano di volume naturale e leggerezza.<\/p>","protected":false},"excerpt":{"rendered":"<p>Ideale per rispondere alle esigenze di capelli strutturalmente compromessi da trattamenti chimici o stress meccanici.<\/p>","protected":false},"featured_media":16647,"template":"","meta":{"_acf_changed":false,"_eb_attr":""},"product_brand":[],"product_cat":[899],"product_tag":[],"class_list":{"0":"post-16646","1":"product","2":"type-product","3":"status-publish","4":"has-post-thumbnail","6":"product_cat-shampoo","7":"pa_trattamenti-specifici-azione-anti-age-e-ristrutturante","8":"pa_trattamenti-specifici-capelli-danneggiati","9":"pa_trattamenti-specifici-capelli-secchi-e-spenti","10":"pa_trattamenti-specifici-capelli-trattati","12":"first","13":"instock","14":"shipping-taxable","15":"purchasable","16":"product-type-simple"},"acf":[],"yoast_head":"<!-- This site is optimized with the Yoast SEO plugin v27.4 - https:\/\/yoast.com\/product\/yoast-seo-wordpress\/ -->\n<title>SHAMPOO RISTRUTTURANTE - Organics Pharm Venice Italy<\/title>\n<meta name=\"description\" content=\"La linea Resurrection \u00e8 il trattamento ricostruttore intensivo progettato per rigenerare profondamente i capelli danneggiati, stressati...\" \/>\n<meta name=\"robots\" content=\"index, follow, max-snippet:-1, max-image-preview:large, max-video-preview:-1\" \/>\n<link rel=\"canonical\" href=\"https:\/\/organicspharm.com\/en\/product\/shampoo-ristrutturante\/\" \/>\n<meta property=\"og:locale\" content=\"en_US\" \/>\n<meta property=\"og:type\" content=\"article\" \/>\n<meta property=\"og:title\" content=\"SHAMPOO RISTRUTTURANTE - Organics Pharm Venice Italy\" \/>\n<meta property=\"og:description\" content=\"La linea Resurrection \u00e8 il trattamento ricostruttore intensivo progettato per rigenerare profondamente i capelli danneggiati, stressati...\" \/>\n<meta property=\"og:url\" content=\"https:\/\/organicspharm.com\/en\/product\/shampoo-ristrutturante\/\" \/>\n<meta property=\"og:site_name\" content=\"Organics Pharm Venice Italy\" \/>\n<meta property=\"og:image\" content=\"https:\/\/organicspharm.com\/wp-content\/uploads\/2026\/04\/shampoo-ristrutturante.jpg\" \/>\n\t<meta property=\"og:image:width\" content=\"1500\" \/>\n\t<meta property=\"og:image:height\" content=\"1500\" \/>\n\t<meta property=\"og:image:type\" content=\"image\/jpeg\" \/>\n<meta name=\"twitter:card\" content=\"summary_large_image\" \/>\n<script type=\"application\/ld+json\" class=\"yoast-schema-graph\">{\"@context\":\"https:\\\/\\\/schema.org\",\"@graph\":[{\"@type\":\"WebPage\",\"@id\":\"https:\\\/\\\/organicspharm.com\\\/prodotto\\\/shampoo-ristrutturante\\\/\",\"url\":\"https:\\\/\\\/organicspharm.com\\\/prodotto\\\/shampoo-ristrutturante\\\/\",\"name\":\"SHAMPOO RISTRUTTURANTE - Organics Pharm Venice Italy\",\"isPartOf\":{\"@id\":\"http:\\\/\\\/organicspharm.com\\\/it\\\/#website\"},\"primaryImageOfPage\":{\"@id\":\"https:\\\/\\\/organicspharm.com\\\/prodotto\\\/shampoo-ristrutturante\\\/#primaryimage\"},\"image\":{\"@id\":\"https:\\\/\\\/organicspharm.com\\\/prodotto\\\/shampoo-ristrutturante\\\/#primaryimage\"},\"thumbnailUrl\":\"https:\\\/\\\/organicspharm.com\\\/wp-content\\\/uploads\\\/2026\\\/04\\\/shampoo-ristrutturante.jpg\",\"datePublished\":\"2026-04-24T13:54:31+00:00\",\"description\":\"La linea Resurrection \u00e8 il trattamento ricostruttore intensivo progettato per rigenerare profondamente i capelli danneggiati, stressati...\",\"breadcrumb\":{\"@id\":\"https:\\\/\\\/organicspharm.com\\\/prodotto\\\/shampoo-ristrutturante\\\/#breadcrumb\"},\"inLanguage\":\"en-US\",\"potentialAction\":[{\"@type\":\"ReadAction\",\"target\":[\"https:\\\/\\\/organicspharm.com\\\/prodotto\\\/shampoo-ristrutturante\\\/\"]}]},{\"@type\":\"ImageObject\",\"inLanguage\":\"en-US\",\"@id\":\"https:\\\/\\\/organicspharm.com\\\/prodotto\\\/shampoo-ristrutturante\\\/#primaryimage\",\"url\":\"https:\\\/\\\/organicspharm.com\\\/wp-content\\\/uploads\\\/2026\\\/04\\\/shampoo-ristrutturante.jpg\",\"contentUrl\":\"https:\\\/\\\/organicspharm.com\\\/wp-content\\\/uploads\\\/2026\\\/04\\\/shampoo-ristrutturante.jpg\",\"width\":1500,\"height\":1500,\"caption\":\"shampoo ristrutturante\"},{\"@type\":\"BreadcrumbList\",\"@id\":\"https:\\\/\\\/organicspharm.com\\\/prodotto\\\/shampoo-ristrutturante\\\/#breadcrumb\",\"itemListElement\":[{\"@type\":\"ListItem\",\"position\":1,\"name\":\"Home\",\"item\":\"https:\\\/\\\/organicspharm.com\\\/\"},{\"@type\":\"ListItem\",\"position\":2,\"name\":\"Prodotti\",\"item\":\"https:\\\/\\\/organicspharm.com\\\/prodotti\\\/\"},{\"@type\":\"ListItem\",\"position\":3,\"name\":\"SHAMPOO RISTRUTTURANTE\"}]},{\"@type\":\"WebSite\",\"@id\":\"http:\\\/\\\/organicspharm.com\\\/it\\\/#website\",\"url\":\"http:\\\/\\\/organicspharm.com\\\/it\\\/\",\"name\":\"Organics Pharm Venice Italy\",\"description\":\"Per il tuo corpo, scegli la natura!\",\"publisher\":{\"@id\":\"http:\\\/\\\/organicspharm.com\\\/it\\\/#organization\"},\"potentialAction\":[{\"@type\":\"SearchAction\",\"target\":{\"@type\":\"EntryPoint\",\"urlTemplate\":\"http:\\\/\\\/organicspharm.com\\\/it\\\/?s={search_term_string}\"},\"query-input\":{\"@type\":\"PropertyValueSpecification\",\"valueRequired\":true,\"valueName\":\"search_term_string\"}}],\"inLanguage\":\"en-US\"},{\"@type\":\"Organization\",\"@id\":\"http:\\\/\\\/organicspharm.com\\\/it\\\/#organization\",\"name\":\"Organics Pharm\",\"url\":\"http:\\\/\\\/organicspharm.com\\\/it\\\/\",\"logo\":{\"@type\":\"ImageObject\",\"inLanguage\":\"en-US\",\"@id\":\"http:\\\/\\\/organicspharm.com\\\/it\\\/#\\\/schema\\\/logo\\\/image\\\/\",\"url\":\"https:\\\/\\\/organicspharm.com\\\/wp-content\\\/uploads\\\/2020\\\/03\\\/organics_pharm_footer.png\",\"contentUrl\":\"https:\\\/\\\/organicspharm.com\\\/wp-content\\\/uploads\\\/2020\\\/03\\\/organics_pharm_footer.png\",\"width\":200,\"height\":100,\"caption\":\"Organics Pharm\"},\"image\":{\"@id\":\"http:\\\/\\\/organicspharm.com\\\/it\\\/#\\\/schema\\\/logo\\\/image\\\/\"}}]}<\/script>\n<!-- \/ Yoast SEO plugin. -->","yoast_head_json":{"title":"SHAMPOO RISTRUTTURANTE - Organics Pharm Venice Italy","description":"La linea Resurrection \u00e8 il trattamento ricostruttore intensivo progettato per rigenerare profondamente i capelli danneggiati, stressati...","robots":{"index":"index","follow":"follow","max-snippet":"max-snippet:-1","max-image-preview":"max-image-preview:large","max-video-preview":"max-video-preview:-1"},"canonical":"https:\/\/organicspharm.com\/en\/product\/shampoo-ristrutturante\/","og_locale":"en_US","og_type":"article","og_title":"SHAMPOO RISTRUTTURANTE - Organics Pharm Venice Italy","og_description":"La linea Resurrection \u00e8 il trattamento ricostruttore intensivo progettato per rigenerare profondamente i capelli danneggiati, stressati...","og_url":"https:\/\/organicspharm.com\/en\/product\/shampoo-ristrutturante\/","og_site_name":"Organics Pharm Venice Italy","og_image":[{"width":1500,"height":1500,"url":"https:\/\/organicspharm.com\/wp-content\/uploads\/2026\/04\/shampoo-ristrutturante.jpg","type":"image\/jpeg"}],"twitter_card":"summary_large_image","schema":{"@context":"https:\/\/schema.org","@graph":[{"@type":"WebPage","@id":"https:\/\/organicspharm.com\/prodotto\/shampoo-ristrutturante\/","url":"https:\/\/organicspharm.com\/prodotto\/shampoo-ristrutturante\/","name":"SHAMPOO RISTRUTTURANTE - Organics Pharm Venice Italy","isPartOf":{"@id":"http:\/\/organicspharm.com\/it\/#website"},"primaryImageOfPage":{"@id":"https:\/\/organicspharm.com\/prodotto\/shampoo-ristrutturante\/#primaryimage"},"image":{"@id":"https:\/\/organicspharm.com\/prodotto\/shampoo-ristrutturante\/#primaryimage"},"thumbnailUrl":"https:\/\/organicspharm.com\/wp-content\/uploads\/2026\/04\/shampoo-ristrutturante.jpg","datePublished":"2026-04-24T13:54:31+00:00","description":"La linea Resurrection \u00e8 il trattamento ricostruttore intensivo progettato per rigenerare profondamente i capelli danneggiati, stressati...","breadcrumb":{"@id":"https:\/\/organicspharm.com\/prodotto\/shampoo-ristrutturante\/#breadcrumb"},"inLanguage":"en-US","potentialAction":[{"@type":"ReadAction","target":["https:\/\/organicspharm.com\/prodotto\/shampoo-ristrutturante\/"]}]},{"@type":"ImageObject","inLanguage":"en-US","@id":"https:\/\/organicspharm.com\/prodotto\/shampoo-ristrutturante\/#primaryimage","url":"https:\/\/organicspharm.com\/wp-content\/uploads\/2026\/04\/shampoo-ristrutturante.jpg","contentUrl":"https:\/\/organicspharm.com\/wp-content\/uploads\/2026\/04\/shampoo-ristrutturante.jpg","width":1500,"height":1500,"caption":"shampoo ristrutturante"},{"@type":"BreadcrumbList","@id":"https:\/\/organicspharm.com\/prodotto\/shampoo-ristrutturante\/#breadcrumb","itemListElement":[{"@type":"ListItem","position":1,"name":"Home","item":"https:\/\/organicspharm.com\/"},{"@type":"ListItem","position":2,"name":"Prodotti","item":"https:\/\/organicspharm.com\/prodotti\/"},{"@type":"ListItem","position":3,"name":"SHAMPOO RISTRUTTURANTE"}]},{"@type":"WebSite","@id":"http:\/\/organicspharm.com\/it\/#website","url":"http:\/\/organicspharm.com\/it\/","name":"Organics Pharm Venice Italy","description":"For your body, choose nature!","publisher":{"@id":"http:\/\/organicspharm.com\/it\/#organization"},"potentialAction":[{"@type":"SearchAction","target":{"@type":"EntryPoint","urlTemplate":"http:\/\/organicspharm.com\/it\/?s={search_term_string}"},"query-input":{"@type":"PropertyValueSpecification","valueRequired":true,"valueName":"search_term_string"}}],"inLanguage":"en-US"},{"@type":"Organization","@id":"http:\/\/organicspharm.com\/it\/#organization","name":"Organics Pharm","url":"http:\/\/organicspharm.com\/it\/","logo":{"@type":"ImageObject","inLanguage":"en-US","@id":"http:\/\/organicspharm.com\/it\/#\/schema\/logo\/image\/","url":"https:\/\/organicspharm.com\/wp-content\/uploads\/2020\/03\/organics_pharm_footer.png","contentUrl":"https:\/\/organicspharm.com\/wp-content\/uploads\/2020\/03\/organics_pharm_footer.png","width":200,"height":100,"caption":"Organics Pharm"},"image":{"@id":"http:\/\/organicspharm.com\/it\/#\/schema\/logo\/image\/"}}]}},"_links":{"self":[{"href":"https:\/\/organicspharm.com\/en\/wp-json\/wp\/v2\/product\/16646","targetHints":{"allow":["GET"]}}],"collection":[{"href":"https:\/\/organicspharm.com\/en\/wp-json\/wp\/v2\/product"}],"about":[{"href":"https:\/\/organicspharm.com\/en\/wp-json\/wp\/v2\/types\/product"}],"wp:featuredmedia":[{"embeddable":true,"href":"https:\/\/organicspharm.com\/en\/wp-json\/wp\/v2\/media\/16647"}],"wp:attachment":[{"href":"https:\/\/organicspharm.com\/en\/wp-json\/wp\/v2\/media?parent=16646"}],"wp:term":[{"taxonomy":"product_brand","embeddable":true,"href":"https:\/\/organicspharm.com\/en\/wp-json\/wp\/v2\/product_brand?post=16646"},{"taxonomy":"product_cat","embeddable":true,"href":"https:\/\/organicspharm.com\/en\/wp-json\/wp\/v2\/product_cat?post=16646"},{"taxonomy":"product_tag","embeddable":true,"href":"https:\/\/organicspharm.com\/en\/wp-json\/wp\/v2\/product_tag?post=16646"}],"curies":[{"name":"wp","href":"https:\/\/api.w.org\/{rel}","templated":true}]}}