{"id":2507,"date":"2020-08-01T18:18:11","date_gmt":"2020-08-01T11:18:11","guid":{"rendered":"https:\/\/www.smastore.eu\/?post_type=product&#038;p=2507"},"modified":"2025-11-20T18:14:24","modified_gmt":"2025-11-20T17:14:24","slug":"detergente-organico-mani-viso-corpo-antisettico","status":"publish","type":"product","link":"https:\/\/organicspharm.com\/en\/product\/cleanser-organic-human-face-body-antiseptic\/","title":{"rendered":"BIO MARSIGLIA HAND WASH"},"content":{"rendered":"<p>Sapone mani formulato con ingredienti naturali e biologici, ideale per un uso frequente. Contiene acido laurico dalle propriet\u00e0 antisettiche, e attivi idratanti e lenitivi che rispettano anche le pelli pi\u00f9 delicate. Deterge in profondit\u00e0 lasciando le mani morbide, protette e naturalmente profumate.<\/p>","protected":false},"excerpt":{"rendered":"<p>Formulazione con ingredienti biologici. Deterge profondamente le mani, ed ha propriet\u00e0 lenitive, idratanti e antibatteriche.<\/p>","protected":false},"featured_media":2508,"template":"","meta":{"_acf_changed":false,"_eb_attr":""},"product_brand":[],"product_cat":[936],"product_tag":[],"class_list":{"0":"post-2507","1":"product","2":"type-product","3":"status-publish","4":"has-post-thumbnail","6":"product_cat-body-and-cleanser","7":"pa_linea-cleanser","8":"pa_trattamenti-specifici-igiene-quotidiana-delicata","10":"first","11":"instock","12":"shipping-taxable","13":"purchasable","14":"product-type-simple"},"acf":[],"yoast_head":"<!-- This site is optimized with the Yoast SEO plugin v27.1.1 - https:\/\/yoast.com\/product\/yoast-seo-wordpress\/ -->\n<title>BIO MARSIGLIA HAND WASH - Organics Pharm Venice Italy<\/title>\n<meta name=\"description\" content=\"Detergente organico mani a formulazione biologica. Deterge profondamente, ed ha propriet\u00e0 lenitive e idratanti grazie ai saponi biologici.\" \/>\n<meta name=\"robots\" content=\"index, follow, max-snippet:-1, max-image-preview:large, max-video-preview:-1\" \/>\n<link rel=\"canonical\" href=\"https:\/\/organicspharm.com\/en\/product\/cleanser-organic-human-face-body-antiseptic\/\" \/>\n<meta property=\"og:locale\" content=\"en_US\" \/>\n<meta property=\"og:type\" content=\"article\" \/>\n<meta property=\"og:title\" content=\"BIO MARSIGLIA HAND WASH - Organics Pharm Venice Italy\" \/>\n<meta property=\"og:description\" content=\"Detergente organico mani a formulazione biologica. Deterge profondamente, ed ha propriet\u00e0 lenitive e idratanti grazie ai saponi biologici.\" \/>\n<meta property=\"og:url\" content=\"https:\/\/organicspharm.com\/en\/product\/cleanser-organic-human-face-body-antiseptic\/\" \/>\n<meta property=\"og:site_name\" content=\"Organics Pharm Venice Italy\" \/>\n<meta property=\"article:modified_time\" content=\"2025-11-20T17:14:24+00:00\" \/>\n<meta property=\"og:image\" content=\"https:\/\/organicspharm.com\/wp-content\/uploads\/2020\/08\/Bio_Marseilles_Hand_Wash.jpg\" \/>\n\t<meta property=\"og:image:width\" content=\"1001\" \/>\n\t<meta property=\"og:image:height\" content=\"1001\" \/>\n\t<meta property=\"og:image:type\" content=\"image\/jpeg\" \/>\n<meta name=\"twitter:card\" content=\"summary_large_image\" \/>\n<meta name=\"twitter:label1\" content=\"Est. reading time\" \/>\n\t<meta name=\"twitter:data1\" content=\"1 minute\" \/>\n<script type=\"application\/ld+json\" class=\"yoast-schema-graph\">{\"@context\":\"https:\/\/schema.org\",\"@graph\":[{\"@type\":\"WebPage\",\"@id\":\"https:\/\/organicspharm.com\/prodotto\/detergente-organico-mani-viso-corpo-antisettico\/\",\"url\":\"https:\/\/organicspharm.com\/prodotto\/detergente-organico-mani-viso-corpo-antisettico\/\",\"name\":\"BIO MARSIGLIA HAND WASH - Organics Pharm Venice Italy\",\"isPartOf\":{\"@id\":\"http:\/\/organicspharm.com\/it\/#website\"},\"primaryImageOfPage\":{\"@id\":\"https:\/\/organicspharm.com\/prodotto\/detergente-organico-mani-viso-corpo-antisettico\/#primaryimage\"},\"image\":{\"@id\":\"https:\/\/organicspharm.com\/prodotto\/detergente-organico-mani-viso-corpo-antisettico\/#primaryimage\"},\"thumbnailUrl\":\"https:\/\/organicspharm.com\/wp-content\/uploads\/2020\/08\/Bio_Marseilles_Hand_Wash.jpg\",\"datePublished\":\"2020-08-01T11:18:11+00:00\",\"dateModified\":\"2025-11-20T17:14:24+00:00\",\"description\":\"Detergente organico mani a formulazione biologica. Deterge profondamente, ed ha propriet\u00e0 lenitive e idratanti grazie ai saponi biologici.\",\"breadcrumb\":{\"@id\":\"https:\/\/organicspharm.com\/prodotto\/detergente-organico-mani-viso-corpo-antisettico\/#breadcrumb\"},\"inLanguage\":\"en-US\",\"potentialAction\":[{\"@type\":\"ReadAction\",\"target\":[\"https:\/\/organicspharm.com\/prodotto\/detergente-organico-mani-viso-corpo-antisettico\/\"]}]},{\"@type\":\"ImageObject\",\"inLanguage\":\"en-US\",\"@id\":\"https:\/\/organicspharm.com\/prodotto\/detergente-organico-mani-viso-corpo-antisettico\/#primaryimage\",\"url\":\"https:\/\/organicspharm.com\/wp-content\/uploads\/2020\/08\/Bio_Marseilles_Hand_Wash.jpg\",\"contentUrl\":\"https:\/\/organicspharm.com\/wp-content\/uploads\/2020\/08\/Bio_Marseilles_Hand_Wash.jpg\",\"width\":1001,\"height\":1001,\"caption\":\"BIO MARSIGLIA HAND WASH (Detergente Mani)\"},{\"@type\":\"BreadcrumbList\",\"@id\":\"https:\/\/organicspharm.com\/prodotto\/detergente-organico-mani-viso-corpo-antisettico\/#breadcrumb\",\"itemListElement\":[{\"@type\":\"ListItem\",\"position\":1,\"name\":\"Home\",\"item\":\"https:\/\/organicspharm.com\/\"},{\"@type\":\"ListItem\",\"position\":2,\"name\":\"Prodotti\",\"item\":\"https:\/\/organicspharm.com\/prodotti\/\"},{\"@type\":\"ListItem\",\"position\":3,\"name\":\"BIO MARSIGLIA HAND WASH\"}]},{\"@type\":\"WebSite\",\"@id\":\"http:\/\/organicspharm.com\/it\/#website\",\"url\":\"http:\/\/organicspharm.com\/it\/\",\"name\":\"Organics Pharm Venice Italy\",\"description\":\"Per il tuo corpo, scegli la natura!\",\"publisher\":{\"@id\":\"http:\/\/organicspharm.com\/it\/#organization\"},\"potentialAction\":[{\"@type\":\"SearchAction\",\"target\":{\"@type\":\"EntryPoint\",\"urlTemplate\":\"http:\/\/organicspharm.com\/it\/?s={search_term_string}\"},\"query-input\":{\"@type\":\"PropertyValueSpecification\",\"valueRequired\":true,\"valueName\":\"search_term_string\"}}],\"inLanguage\":\"en-US\"},{\"@type\":\"Organization\",\"@id\":\"http:\/\/organicspharm.com\/it\/#organization\",\"name\":\"Organics Pharm\",\"url\":\"http:\/\/organicspharm.com\/it\/\",\"logo\":{\"@type\":\"ImageObject\",\"inLanguage\":\"en-US\",\"@id\":\"http:\/\/organicspharm.com\/it\/#\/schema\/logo\/image\/\",\"url\":\"https:\/\/organicspharm.com\/wp-content\/uploads\/2020\/03\/organics_pharm_footer.png\",\"contentUrl\":\"https:\/\/organicspharm.com\/wp-content\/uploads\/2020\/03\/organics_pharm_footer.png\",\"width\":200,\"height\":100,\"caption\":\"Organics Pharm\"},\"image\":{\"@id\":\"http:\/\/organicspharm.com\/it\/#\/schema\/logo\/image\/\"}}]}<\/script>\n<!-- \/ Yoast SEO plugin. -->","yoast_head_json":{"title":"BIO MARSIGLIA HAND WASH - Organics Pharm Venice Italy","description":"Organically formulated hand cleanser. It deeply cleanses, and has soothing and moisturizing properties due to organic soaps.","robots":{"index":"index","follow":"follow","max-snippet":"max-snippet:-1","max-image-preview":"max-image-preview:large","max-video-preview":"max-video-preview:-1"},"canonical":"https:\/\/organicspharm.com\/en\/product\/cleanser-organic-human-face-body-antiseptic\/","og_locale":"en_US","og_type":"article","og_title":"BIO MARSIGLIA HAND WASH - Organics Pharm Venice Italy","og_description":"Detergente organico mani a formulazione biologica. Deterge profondamente, ed ha propriet\u00e0 lenitive e idratanti grazie ai saponi biologici.","og_url":"https:\/\/organicspharm.com\/en\/product\/cleanser-organic-human-face-body-antiseptic\/","og_site_name":"Organics Pharm Venice Italy","article_modified_time":"2025-11-20T17:14:24+00:00","og_image":[{"width":1001,"height":1001,"url":"https:\/\/organicspharm.com\/wp-content\/uploads\/2020\/08\/Bio_Marseilles_Hand_Wash.jpg","type":"image\/jpeg"}],"twitter_card":"summary_large_image","twitter_misc":{"Est. reading time":"1 minute"},"schema":{"@context":"https:\/\/schema.org","@graph":[{"@type":"WebPage","@id":"https:\/\/organicspharm.com\/prodotto\/detergente-organico-mani-viso-corpo-antisettico\/","url":"https:\/\/organicspharm.com\/prodotto\/detergente-organico-mani-viso-corpo-antisettico\/","name":"BIO MARSIGLIA HAND WASH - Organics Pharm Venice Italy","isPartOf":{"@id":"http:\/\/organicspharm.com\/it\/#website"},"primaryImageOfPage":{"@id":"https:\/\/organicspharm.com\/prodotto\/detergente-organico-mani-viso-corpo-antisettico\/#primaryimage"},"image":{"@id":"https:\/\/organicspharm.com\/prodotto\/detergente-organico-mani-viso-corpo-antisettico\/#primaryimage"},"thumbnailUrl":"https:\/\/organicspharm.com\/wp-content\/uploads\/2020\/08\/Bio_Marseilles_Hand_Wash.jpg","datePublished":"2020-08-01T11:18:11+00:00","dateModified":"2025-11-20T17:14:24+00:00","description":"Organically formulated hand cleanser. It deeply cleanses, and has soothing and moisturizing properties due to organic soaps.","breadcrumb":{"@id":"https:\/\/organicspharm.com\/prodotto\/detergente-organico-mani-viso-corpo-antisettico\/#breadcrumb"},"inLanguage":"en-US","potentialAction":[{"@type":"ReadAction","target":["https:\/\/organicspharm.com\/prodotto\/detergente-organico-mani-viso-corpo-antisettico\/"]}]},{"@type":"ImageObject","inLanguage":"en-US","@id":"https:\/\/organicspharm.com\/prodotto\/detergente-organico-mani-viso-corpo-antisettico\/#primaryimage","url":"https:\/\/organicspharm.com\/wp-content\/uploads\/2020\/08\/Bio_Marseilles_Hand_Wash.jpg","contentUrl":"https:\/\/organicspharm.com\/wp-content\/uploads\/2020\/08\/Bio_Marseilles_Hand_Wash.jpg","width":1001,"height":1001,"caption":"BIO MARSIGLIA HAND WASH (Detergente Mani)"},{"@type":"BreadcrumbList","@id":"https:\/\/organicspharm.com\/prodotto\/detergente-organico-mani-viso-corpo-antisettico\/#breadcrumb","itemListElement":[{"@type":"ListItem","position":1,"name":"Home","item":"https:\/\/organicspharm.com\/"},{"@type":"ListItem","position":2,"name":"Prodotti","item":"https:\/\/organicspharm.com\/prodotti\/"},{"@type":"ListItem","position":3,"name":"BIO MARSIGLIA HAND WASH"}]},{"@type":"WebSite","@id":"http:\/\/organicspharm.com\/it\/#website","url":"http:\/\/organicspharm.com\/it\/","name":"Organics Pharm Venice Italy","description":"For your body, choose nature!","publisher":{"@id":"http:\/\/organicspharm.com\/it\/#organization"},"potentialAction":[{"@type":"SearchAction","target":{"@type":"EntryPoint","urlTemplate":"http:\/\/organicspharm.com\/it\/?s={search_term_string}"},"query-input":{"@type":"PropertyValueSpecification","valueRequired":true,"valueName":"search_term_string"}}],"inLanguage":"en-US"},{"@type":"Organization","@id":"http:\/\/organicspharm.com\/it\/#organization","name":"Organics Pharm","url":"http:\/\/organicspharm.com\/it\/","logo":{"@type":"ImageObject","inLanguage":"en-US","@id":"http:\/\/organicspharm.com\/it\/#\/schema\/logo\/image\/","url":"https:\/\/organicspharm.com\/wp-content\/uploads\/2020\/03\/organics_pharm_footer.png","contentUrl":"https:\/\/organicspharm.com\/wp-content\/uploads\/2020\/03\/organics_pharm_footer.png","width":200,"height":100,"caption":"Organics Pharm"},"image":{"@id":"http:\/\/organicspharm.com\/it\/#\/schema\/logo\/image\/"}}]}},"_links":{"self":[{"href":"https:\/\/organicspharm.com\/en\/wp-json\/wp\/v2\/product\/2507","targetHints":{"allow":["GET"]}}],"collection":[{"href":"https:\/\/organicspharm.com\/en\/wp-json\/wp\/v2\/product"}],"about":[{"href":"https:\/\/organicspharm.com\/en\/wp-json\/wp\/v2\/types\/product"}],"wp:featuredmedia":[{"embeddable":true,"href":"https:\/\/organicspharm.com\/en\/wp-json\/wp\/v2\/media\/2508"}],"wp:attachment":[{"href":"https:\/\/organicspharm.com\/en\/wp-json\/wp\/v2\/media?parent=2507"}],"wp:term":[{"taxonomy":"product_brand","embeddable":true,"href":"https:\/\/organicspharm.com\/en\/wp-json\/wp\/v2\/product_brand?post=2507"},{"taxonomy":"product_cat","embeddable":true,"href":"https:\/\/organicspharm.com\/en\/wp-json\/wp\/v2\/product_cat?post=2507"},{"taxonomy":"product_tag","embeddable":true,"href":"https:\/\/organicspharm.com\/en\/wp-json\/wp\/v2\/product_tag?post=2507"}],"curies":[{"name":"wp","href":"https:\/\/api.w.org\/{rel}","templated":true}]}}