{"id":2557,"date":"2020-08-13T15:04:24","date_gmt":"2020-08-13T13:04:24","guid":{"rendered":"https:\/\/www.smastore.eu\/?post_type=product&#038;p=2557"},"modified":"2025-11-20T18:11:19","modified_gmt":"2025-11-20T17:11:19","slug":"siero-acido-ialuronico-anti-age-6","status":"publish","type":"product","link":"https:\/\/organicspharm.com\/en\/product\/serum-acid-ialuronic-anti-age-6\/","title":{"rendered":"JALURONIC ELIXIR"},"content":{"rendered":"<p>Siero viso ad effetto riempitivo e levigante, ideale per viso, d\u00e9collet\u00e9 e cuoio capelluto. A base di acido ialuronico-bt\u00ae ad alto peso molecolare, ottenuto da fermentazione vegetale biotecnologica, idrata in profondit\u00e0 e migliora l\u2019elasticit\u00e0 cutanea. Riduce la visibilit\u00e0 delle rughe e dona un aspetto pi\u00f9 tonico e giovane.<\/p>","protected":false},"excerpt":{"rendered":"<p>Siero intensivo anti-et\u00e0 effetto \u201cfiller\u201d per la pelle del viso, d\u00e9collet\u00e9 e cuoio capelluto.<\/p>","protected":false},"featured_media":2561,"template":"","meta":{"_acf_changed":false,"_eb_attr":""},"product_brand":[],"product_cat":[941],"product_tag":[281],"class_list":{"0":"post-2557","1":"product","2":"type-product","3":"status-publish","4":"has-post-thumbnail","6":"product_cat-viso-e-skincare","7":"product_tag-anti-age","8":"pa_linea-jaluronic","9":"pa_trattamenti-specifici-azione-anti-age-e-ristrutturante","11":"first","12":"instock","13":"shipping-taxable","14":"purchasable","15":"product-type-variable","16":"has-default-attributes"},"acf":[],"yoast_head":"<!-- This site is optimized with the Yoast SEO plugin v27.1.1 - https:\/\/yoast.com\/product\/yoast-seo-wordpress\/ -->\n<title>JALURONIC ELIXIR - Organics Pharm Venice Italy<\/title>\n<meta name=\"description\" content=\"Siero intensivo anti-et\u00e0 ad effetto Filler per la pelle del viso, d\u00e9collet\u00e9 e mani. Acido Ialuronico ad elevato peso molecolare prodotto con biotec\" \/>\n<meta name=\"robots\" content=\"index, follow, max-snippet:-1, max-image-preview:large, max-video-preview:-1\" \/>\n<link rel=\"canonical\" href=\"https:\/\/organicspharm.com\/en\/product\/serum-acid-ialuronic-anti-age-6\/\" \/>\n<meta property=\"og:locale\" content=\"en_US\" \/>\n<meta property=\"og:type\" content=\"article\" \/>\n<meta property=\"og:title\" content=\"JALURONIC ELIXIR - Organics Pharm Venice Italy\" \/>\n<meta property=\"og:description\" content=\"Siero intensivo anti-et\u00e0 ad effetto Filler per la pelle del viso, d\u00e9collet\u00e9 e mani. Acido Ialuronico ad elevato peso molecolare prodotto con biotec\" \/>\n<meta property=\"og:url\" content=\"https:\/\/organicspharm.com\/en\/product\/serum-acid-ialuronic-anti-age-6\/\" \/>\n<meta property=\"og:site_name\" content=\"Organics Pharm Venice Italy\" \/>\n<meta property=\"article:modified_time\" content=\"2025-11-20T17:11:19+00:00\" \/>\n<meta property=\"og:image\" content=\"https:\/\/organicspharm.com\/wp-content\/uploads\/2020\/08\/Jaluronic_Elixir_x12.jpg\" \/>\n\t<meta property=\"og:image:width\" content=\"1000\" \/>\n\t<meta property=\"og:image:height\" content=\"1000\" \/>\n\t<meta property=\"og:image:type\" content=\"image\/jpeg\" \/>\n<meta name=\"twitter:card\" content=\"summary_large_image\" \/>\n<meta name=\"twitter:label1\" content=\"Est. reading time\" \/>\n\t<meta name=\"twitter:data1\" content=\"1 minute\" \/>\n<script type=\"application\/ld+json\" class=\"yoast-schema-graph\">{\"@context\":\"https:\/\/schema.org\",\"@graph\":[{\"@type\":\"WebPage\",\"@id\":\"https:\/\/organicspharm.com\/prodotto\/siero-acido-ialuronico-anti-age-6\/\",\"url\":\"https:\/\/organicspharm.com\/prodotto\/siero-acido-ialuronico-anti-age-6\/\",\"name\":\"JALURONIC ELIXIR - Organics Pharm Venice Italy\",\"isPartOf\":{\"@id\":\"http:\/\/organicspharm.com\/it\/#website\"},\"primaryImageOfPage\":{\"@id\":\"https:\/\/organicspharm.com\/prodotto\/siero-acido-ialuronico-anti-age-6\/#primaryimage\"},\"image\":{\"@id\":\"https:\/\/organicspharm.com\/prodotto\/siero-acido-ialuronico-anti-age-6\/#primaryimage\"},\"thumbnailUrl\":\"https:\/\/organicspharm.com\/wp-content\/uploads\/2020\/08\/Jaluronic_Elixir_x12.jpg\",\"datePublished\":\"2020-08-13T13:04:24+00:00\",\"dateModified\":\"2025-11-20T17:11:19+00:00\",\"description\":\"Siero intensivo anti-et\u00e0 ad effetto Filler per la pelle del viso, d\u00e9collet\u00e9 e mani. Acido Ialuronico ad elevato peso molecolare prodotto con biotecnologia.\",\"breadcrumb\":{\"@id\":\"https:\/\/organicspharm.com\/prodotto\/siero-acido-ialuronico-anti-age-6\/#breadcrumb\"},\"inLanguage\":\"en-US\",\"potentialAction\":[{\"@type\":\"ReadAction\",\"target\":[\"https:\/\/organicspharm.com\/prodotto\/siero-acido-ialuronico-anti-age-6\/\"]}]},{\"@type\":\"ImageObject\",\"inLanguage\":\"en-US\",\"@id\":\"https:\/\/organicspharm.com\/prodotto\/siero-acido-ialuronico-anti-age-6\/#primaryimage\",\"url\":\"https:\/\/organicspharm.com\/wp-content\/uploads\/2020\/08\/Jaluronic_Elixir_x12.jpg\",\"contentUrl\":\"https:\/\/organicspharm.com\/wp-content\/uploads\/2020\/08\/Jaluronic_Elixir_x12.jpg\",\"width\":1000,\"height\":1000,\"caption\":\"Jaluronic Elixir (Fiale di acido Jaluronico) 12 fiale\"},{\"@type\":\"BreadcrumbList\",\"@id\":\"https:\/\/organicspharm.com\/prodotto\/siero-acido-ialuronico-anti-age-6\/#breadcrumb\",\"itemListElement\":[{\"@type\":\"ListItem\",\"position\":1,\"name\":\"Home\",\"item\":\"https:\/\/organicspharm.com\/\"},{\"@type\":\"ListItem\",\"position\":2,\"name\":\"Prodotti\",\"item\":\"https:\/\/organicspharm.com\/prodotti\/\"},{\"@type\":\"ListItem\",\"position\":3,\"name\":\"JALURONIC ELIXIR\"}]},{\"@type\":\"WebSite\",\"@id\":\"http:\/\/organicspharm.com\/it\/#website\",\"url\":\"http:\/\/organicspharm.com\/it\/\",\"name\":\"Organics Pharm Venice Italy\",\"description\":\"Per il tuo corpo, scegli la natura!\",\"publisher\":{\"@id\":\"http:\/\/organicspharm.com\/it\/#organization\"},\"potentialAction\":[{\"@type\":\"SearchAction\",\"target\":{\"@type\":\"EntryPoint\",\"urlTemplate\":\"http:\/\/organicspharm.com\/it\/?s={search_term_string}\"},\"query-input\":{\"@type\":\"PropertyValueSpecification\",\"valueRequired\":true,\"valueName\":\"search_term_string\"}}],\"inLanguage\":\"en-US\"},{\"@type\":\"Organization\",\"@id\":\"http:\/\/organicspharm.com\/it\/#organization\",\"name\":\"Organics Pharm\",\"url\":\"http:\/\/organicspharm.com\/it\/\",\"logo\":{\"@type\":\"ImageObject\",\"inLanguage\":\"en-US\",\"@id\":\"http:\/\/organicspharm.com\/it\/#\/schema\/logo\/image\/\",\"url\":\"https:\/\/organicspharm.com\/wp-content\/uploads\/2020\/03\/organics_pharm_footer.png\",\"contentUrl\":\"https:\/\/organicspharm.com\/wp-content\/uploads\/2020\/03\/organics_pharm_footer.png\",\"width\":200,\"height\":100,\"caption\":\"Organics Pharm\"},\"image\":{\"@id\":\"http:\/\/organicspharm.com\/it\/#\/schema\/logo\/image\/\"}}]}<\/script>\n<!-- \/ Yoast SEO plugin. -->","yoast_head_json":{"title":"JALURONIC ELIXIR - Organics Pharm Venice Italy","description":"Siero intensivo anti-et\u00e0 ad effetto Filler per la pelle del viso, d\u00e9collet\u00e9 e mani. Acido Ialuronico ad elevato peso molecolare prodotto con biotec","robots":{"index":"index","follow":"follow","max-snippet":"max-snippet:-1","max-image-preview":"max-image-preview:large","max-video-preview":"max-video-preview:-1"},"canonical":"https:\/\/organicspharm.com\/en\/product\/serum-acid-ialuronic-anti-age-6\/","og_locale":"en_US","og_type":"article","og_title":"JALURONIC ELIXIR - Organics Pharm Venice Italy","og_description":"Siero intensivo anti-et\u00e0 ad effetto Filler per la pelle del viso, d\u00e9collet\u00e9 e mani. Acido Ialuronico ad elevato peso molecolare prodotto con biotec","og_url":"https:\/\/organicspharm.com\/en\/product\/serum-acid-ialuronic-anti-age-6\/","og_site_name":"Organics Pharm Venice Italy","article_modified_time":"2025-11-20T17:11:19+00:00","og_image":[{"width":1000,"height":1000,"url":"https:\/\/organicspharm.com\/wp-content\/uploads\/2020\/08\/Jaluronic_Elixir_x12.jpg","type":"image\/jpeg"}],"twitter_card":"summary_large_image","twitter_misc":{"Est. reading time":"1 minute"},"schema":{"@context":"https:\/\/schema.org","@graph":[{"@type":"WebPage","@id":"https:\/\/organicspharm.com\/prodotto\/siero-acido-ialuronico-anti-age-6\/","url":"https:\/\/organicspharm.com\/prodotto\/siero-acido-ialuronico-anti-age-6\/","name":"JALURONIC ELIXIR - Organics Pharm Venice Italy","isPartOf":{"@id":"http:\/\/organicspharm.com\/it\/#website"},"primaryImageOfPage":{"@id":"https:\/\/organicspharm.com\/prodotto\/siero-acido-ialuronico-anti-age-6\/#primaryimage"},"image":{"@id":"https:\/\/organicspharm.com\/prodotto\/siero-acido-ialuronico-anti-age-6\/#primaryimage"},"thumbnailUrl":"https:\/\/organicspharm.com\/wp-content\/uploads\/2020\/08\/Jaluronic_Elixir_x12.jpg","datePublished":"2020-08-13T13:04:24+00:00","dateModified":"2025-11-20T17:11:19+00:00","description":"Intensive anti-aging serum with Filler effect for the skin of the face, d\u00e9collet\u00e9 and hands. High molecular weight Hyaluronic Acid produced with biotechnology.","breadcrumb":{"@id":"https:\/\/organicspharm.com\/prodotto\/siero-acido-ialuronico-anti-age-6\/#breadcrumb"},"inLanguage":"en-US","potentialAction":[{"@type":"ReadAction","target":["https:\/\/organicspharm.com\/prodotto\/siero-acido-ialuronico-anti-age-6\/"]}]},{"@type":"ImageObject","inLanguage":"en-US","@id":"https:\/\/organicspharm.com\/prodotto\/siero-acido-ialuronico-anti-age-6\/#primaryimage","url":"https:\/\/organicspharm.com\/wp-content\/uploads\/2020\/08\/Jaluronic_Elixir_x12.jpg","contentUrl":"https:\/\/organicspharm.com\/wp-content\/uploads\/2020\/08\/Jaluronic_Elixir_x12.jpg","width":1000,"height":1000,"caption":"Jaluronic Elixir (Fiale di acido Jaluronico) 12 fiale"},{"@type":"BreadcrumbList","@id":"https:\/\/organicspharm.com\/prodotto\/siero-acido-ialuronico-anti-age-6\/#breadcrumb","itemListElement":[{"@type":"ListItem","position":1,"name":"Home","item":"https:\/\/organicspharm.com\/"},{"@type":"ListItem","position":2,"name":"Prodotti","item":"https:\/\/organicspharm.com\/prodotti\/"},{"@type":"ListItem","position":3,"name":"JALURONIC ELIXIR"}]},{"@type":"WebSite","@id":"http:\/\/organicspharm.com\/it\/#website","url":"http:\/\/organicspharm.com\/it\/","name":"Organics Pharm Venice Italy","description":"For your body, choose nature!","publisher":{"@id":"http:\/\/organicspharm.com\/it\/#organization"},"potentialAction":[{"@type":"SearchAction","target":{"@type":"EntryPoint","urlTemplate":"http:\/\/organicspharm.com\/it\/?s={search_term_string}"},"query-input":{"@type":"PropertyValueSpecification","valueRequired":true,"valueName":"search_term_string"}}],"inLanguage":"en-US"},{"@type":"Organization","@id":"http:\/\/organicspharm.com\/it\/#organization","name":"Organics Pharm","url":"http:\/\/organicspharm.com\/it\/","logo":{"@type":"ImageObject","inLanguage":"en-US","@id":"http:\/\/organicspharm.com\/it\/#\/schema\/logo\/image\/","url":"https:\/\/organicspharm.com\/wp-content\/uploads\/2020\/03\/organics_pharm_footer.png","contentUrl":"https:\/\/organicspharm.com\/wp-content\/uploads\/2020\/03\/organics_pharm_footer.png","width":200,"height":100,"caption":"Organics Pharm"},"image":{"@id":"http:\/\/organicspharm.com\/it\/#\/schema\/logo\/image\/"}}]}},"_links":{"self":[{"href":"https:\/\/organicspharm.com\/en\/wp-json\/wp\/v2\/product\/2557","targetHints":{"allow":["GET"]}}],"collection":[{"href":"https:\/\/organicspharm.com\/en\/wp-json\/wp\/v2\/product"}],"about":[{"href":"https:\/\/organicspharm.com\/en\/wp-json\/wp\/v2\/types\/product"}],"wp:featuredmedia":[{"embeddable":true,"href":"https:\/\/organicspharm.com\/en\/wp-json\/wp\/v2\/media\/2561"}],"wp:attachment":[{"href":"https:\/\/organicspharm.com\/en\/wp-json\/wp\/v2\/media?parent=2557"}],"wp:term":[{"taxonomy":"product_brand","embeddable":true,"href":"https:\/\/organicspharm.com\/en\/wp-json\/wp\/v2\/product_brand?post=2557"},{"taxonomy":"product_cat","embeddable":true,"href":"https:\/\/organicspharm.com\/en\/wp-json\/wp\/v2\/product_cat?post=2557"},{"taxonomy":"product_tag","embeddable":true,"href":"https:\/\/organicspharm.com\/en\/wp-json\/wp\/v2\/product_tag?post=2557"}],"curies":[{"name":"wp","href":"https:\/\/api.w.org\/{rel}","templated":true}]}}