{"id":3807,"date":"2020-10-27T19:10:19","date_gmt":"2020-10-27T18:10:19","guid":{"rendered":"https:\/\/www.smastore.eu\/?post_type=product&#038;p=3807"},"modified":"2025-10-10T18:03:54","modified_gmt":"2025-10-10T16:03:54","slug":"tricorganics-capelli-secchi","status":"publish","type":"product","link":"https:\/\/organicspharm.com\/en\/product\/tricorganics-hair-dry\/","title":{"rendered":"DRY HAIR"},"content":{"rendered":"<p>TRICORGANICSTM COLLAGENE MARINO<br \/>\nContiene Ribolife\u00ae Pensato per contrastare la caduta legata a un cuoio capelluto disidratato e fragile, questo trattamento contiene Ribolife\u00ae, collagene marino, vitamine e minerali. Favorisce il rafforzamento della fibra capillare, idrata in profondit\u00e0 e aiuta a ristabilire il benessere cutaneo, favorendo cos\u00ec la crescita di capelli pi\u00f9 forti e sani.<\/p>","protected":false},"excerpt":{"rendered":"<p>Esclusiva miscela di nucleotidi liberi che consente una migliore biodisponibilit\u00e0 degli attivi funzionali, Collagene, complesso di vitamine e minerali per contrastare la caduta a causa di un cuoio capelluto eccessivamente disidratato<\/p>","protected":false},"featured_media":9691,"template":"","meta":{"_acf_changed":false,"_eb_attr":""},"product_brand":[],"product_cat":[902],"product_tag":[289],"class_list":{"0":"post-3807","1":"product","2":"type-product","3":"status-publish","4":"has-post-thumbnail","6":"product_cat-integratori-e-patch","7":"product_tag-capelli-secchi","8":"pa_linea-tricorganics","9":"pa_trattamenti-specifici-forfora","11":"first","12":"instock","13":"shipping-taxable","14":"purchasable","15":"product-type-simple"},"acf":[],"yoast_head":"<!-- This site is optimized with the Yoast SEO plugin v27.1.1 - https:\/\/yoast.com\/product\/yoast-seo-wordpress\/ -->\n<title>DRY HAIR - Organics Pharm Venice Italy<\/title>\n<meta name=\"description\" content=\"Utilizza l&#039;esclusivo componente ad altissimo valore tecnologico AnaGain\u2122, per il trattamento dei capelli secchi..\" \/>\n<meta name=\"robots\" content=\"index, follow, max-snippet:-1, max-image-preview:large, max-video-preview:-1\" \/>\n<link rel=\"canonical\" href=\"https:\/\/organicspharm.com\/en\/product\/tricorganics-hair-dry\/\" \/>\n<meta property=\"og:locale\" content=\"en_US\" \/>\n<meta property=\"og:type\" content=\"article\" \/>\n<meta property=\"og:title\" content=\"DRY HAIR - Organics Pharm Venice Italy\" \/>\n<meta property=\"og:description\" content=\"Utilizza l&#039;esclusivo componente ad altissimo valore tecnologico AnaGain\u2122, per il trattamento dei capelli secchi..\" \/>\n<meta property=\"og:url\" content=\"https:\/\/organicspharm.com\/en\/product\/tricorganics-hair-dry\/\" \/>\n<meta property=\"og:site_name\" content=\"Organics Pharm Venice Italy\" \/>\n<meta property=\"article:modified_time\" content=\"2025-10-10T16:03:54+00:00\" \/>\n<meta property=\"og:image\" content=\"https:\/\/organicspharm.com\/wp-content\/uploads\/2020\/10\/tricorganics-capelli-secchi.jpg\" \/>\n\t<meta property=\"og:image:width\" content=\"1000\" \/>\n\t<meta property=\"og:image:height\" content=\"1000\" \/>\n\t<meta property=\"og:image:type\" content=\"image\/jpeg\" \/>\n<meta name=\"twitter:card\" content=\"summary_large_image\" \/>\n<meta name=\"twitter:label1\" content=\"Est. reading time\" \/>\n\t<meta name=\"twitter:data1\" content=\"1 minute\" \/>\n<script type=\"application\/ld+json\" class=\"yoast-schema-graph\">{\"@context\":\"https:\/\/schema.org\",\"@graph\":[{\"@type\":\"WebPage\",\"@id\":\"https:\/\/organicspharm.com\/prodotto\/tricorganics-capelli-secchi\/\",\"url\":\"https:\/\/organicspharm.com\/prodotto\/tricorganics-capelli-secchi\/\",\"name\":\"DRY HAIR - Organics Pharm Venice Italy\",\"isPartOf\":{\"@id\":\"http:\/\/organicspharm.com\/it\/#website\"},\"primaryImageOfPage\":{\"@id\":\"https:\/\/organicspharm.com\/prodotto\/tricorganics-capelli-secchi\/#primaryimage\"},\"image\":{\"@id\":\"https:\/\/organicspharm.com\/prodotto\/tricorganics-capelli-secchi\/#primaryimage\"},\"thumbnailUrl\":\"https:\/\/organicspharm.com\/wp-content\/uploads\/2020\/10\/tricorganics-capelli-secchi.jpg\",\"datePublished\":\"2020-10-27T18:10:19+00:00\",\"dateModified\":\"2025-10-10T16:03:54+00:00\",\"description\":\"Utilizza l'esclusivo componente ad altissimo valore tecnologico AnaGain\u2122, per il trattamento dei capelli secchi..\",\"breadcrumb\":{\"@id\":\"https:\/\/organicspharm.com\/prodotto\/tricorganics-capelli-secchi\/#breadcrumb\"},\"inLanguage\":\"en-US\",\"potentialAction\":[{\"@type\":\"ReadAction\",\"target\":[\"https:\/\/organicspharm.com\/prodotto\/tricorganics-capelli-secchi\/\"]}]},{\"@type\":\"ImageObject\",\"inLanguage\":\"en-US\",\"@id\":\"https:\/\/organicspharm.com\/prodotto\/tricorganics-capelli-secchi\/#primaryimage\",\"url\":\"https:\/\/organicspharm.com\/wp-content\/uploads\/2020\/10\/tricorganics-capelli-secchi.jpg\",\"contentUrl\":\"https:\/\/organicspharm.com\/wp-content\/uploads\/2020\/10\/tricorganics-capelli-secchi.jpg\",\"width\":1000,\"height\":1000},{\"@type\":\"BreadcrumbList\",\"@id\":\"https:\/\/organicspharm.com\/prodotto\/tricorganics-capelli-secchi\/#breadcrumb\",\"itemListElement\":[{\"@type\":\"ListItem\",\"position\":1,\"name\":\"Home\",\"item\":\"https:\/\/organicspharm.com\/\"},{\"@type\":\"ListItem\",\"position\":2,\"name\":\"Prodotti\",\"item\":\"https:\/\/organicspharm.com\/prodotti\/\"},{\"@type\":\"ListItem\",\"position\":3,\"name\":\"DRY HAIR\"}]},{\"@type\":\"WebSite\",\"@id\":\"http:\/\/organicspharm.com\/it\/#website\",\"url\":\"http:\/\/organicspharm.com\/it\/\",\"name\":\"Organics Pharm Venice Italy\",\"description\":\"Per il tuo corpo, scegli la natura!\",\"publisher\":{\"@id\":\"http:\/\/organicspharm.com\/it\/#organization\"},\"potentialAction\":[{\"@type\":\"SearchAction\",\"target\":{\"@type\":\"EntryPoint\",\"urlTemplate\":\"http:\/\/organicspharm.com\/it\/?s={search_term_string}\"},\"query-input\":{\"@type\":\"PropertyValueSpecification\",\"valueRequired\":true,\"valueName\":\"search_term_string\"}}],\"inLanguage\":\"en-US\"},{\"@type\":\"Organization\",\"@id\":\"http:\/\/organicspharm.com\/it\/#organization\",\"name\":\"Organics Pharm\",\"url\":\"http:\/\/organicspharm.com\/it\/\",\"logo\":{\"@type\":\"ImageObject\",\"inLanguage\":\"en-US\",\"@id\":\"http:\/\/organicspharm.com\/it\/#\/schema\/logo\/image\/\",\"url\":\"https:\/\/organicspharm.com\/wp-content\/uploads\/2020\/03\/organics_pharm_footer.png\",\"contentUrl\":\"https:\/\/organicspharm.com\/wp-content\/uploads\/2020\/03\/organics_pharm_footer.png\",\"width\":200,\"height\":100,\"caption\":\"Organics Pharm\"},\"image\":{\"@id\":\"http:\/\/organicspharm.com\/it\/#\/schema\/logo\/image\/\"}}]}<\/script>\n<!-- \/ Yoast SEO plugin. -->","yoast_head_json":{"title":"DRY HAIR - Organics Pharm Venice Italy","description":"It uses the exclusive ultra-high-tech AnaGain\u2122 component to treat dry hair.","robots":{"index":"index","follow":"follow","max-snippet":"max-snippet:-1","max-image-preview":"max-image-preview:large","max-video-preview":"max-video-preview:-1"},"canonical":"https:\/\/organicspharm.com\/en\/product\/tricorganics-hair-dry\/","og_locale":"en_US","og_type":"article","og_title":"DRY HAIR - Organics Pharm Venice Italy","og_description":"Utilizza l'esclusivo componente ad altissimo valore tecnologico AnaGain\u2122, per il trattamento dei capelli secchi..","og_url":"https:\/\/organicspharm.com\/en\/product\/tricorganics-hair-dry\/","og_site_name":"Organics Pharm Venice Italy","article_modified_time":"2025-10-10T16:03:54+00:00","og_image":[{"width":1000,"height":1000,"url":"https:\/\/organicspharm.com\/wp-content\/uploads\/2020\/10\/tricorganics-capelli-secchi.jpg","type":"image\/jpeg"}],"twitter_card":"summary_large_image","twitter_misc":{"Est. reading time":"1 minute"},"schema":{"@context":"https:\/\/schema.org","@graph":[{"@type":"WebPage","@id":"https:\/\/organicspharm.com\/prodotto\/tricorganics-capelli-secchi\/","url":"https:\/\/organicspharm.com\/prodotto\/tricorganics-capelli-secchi\/","name":"DRY HAIR - Organics Pharm Venice Italy","isPartOf":{"@id":"http:\/\/organicspharm.com\/it\/#website"},"primaryImageOfPage":{"@id":"https:\/\/organicspharm.com\/prodotto\/tricorganics-capelli-secchi\/#primaryimage"},"image":{"@id":"https:\/\/organicspharm.com\/prodotto\/tricorganics-capelli-secchi\/#primaryimage"},"thumbnailUrl":"https:\/\/organicspharm.com\/wp-content\/uploads\/2020\/10\/tricorganics-capelli-secchi.jpg","datePublished":"2020-10-27T18:10:19+00:00","dateModified":"2025-10-10T16:03:54+00:00","description":"It uses the exclusive ultra-high-tech AnaGain\u2122 component to treat dry hair.","breadcrumb":{"@id":"https:\/\/organicspharm.com\/prodotto\/tricorganics-capelli-secchi\/#breadcrumb"},"inLanguage":"en-US","potentialAction":[{"@type":"ReadAction","target":["https:\/\/organicspharm.com\/prodotto\/tricorganics-capelli-secchi\/"]}]},{"@type":"ImageObject","inLanguage":"en-US","@id":"https:\/\/organicspharm.com\/prodotto\/tricorganics-capelli-secchi\/#primaryimage","url":"https:\/\/organicspharm.com\/wp-content\/uploads\/2020\/10\/tricorganics-capelli-secchi.jpg","contentUrl":"https:\/\/organicspharm.com\/wp-content\/uploads\/2020\/10\/tricorganics-capelli-secchi.jpg","width":1000,"height":1000},{"@type":"BreadcrumbList","@id":"https:\/\/organicspharm.com\/prodotto\/tricorganics-capelli-secchi\/#breadcrumb","itemListElement":[{"@type":"ListItem","position":1,"name":"Home","item":"https:\/\/organicspharm.com\/"},{"@type":"ListItem","position":2,"name":"Prodotti","item":"https:\/\/organicspharm.com\/prodotti\/"},{"@type":"ListItem","position":3,"name":"DRY HAIR"}]},{"@type":"WebSite","@id":"http:\/\/organicspharm.com\/it\/#website","url":"http:\/\/organicspharm.com\/it\/","name":"Organics Pharm Venice Italy","description":"For your body, choose nature!","publisher":{"@id":"http:\/\/organicspharm.com\/it\/#organization"},"potentialAction":[{"@type":"SearchAction","target":{"@type":"EntryPoint","urlTemplate":"http:\/\/organicspharm.com\/it\/?s={search_term_string}"},"query-input":{"@type":"PropertyValueSpecification","valueRequired":true,"valueName":"search_term_string"}}],"inLanguage":"en-US"},{"@type":"Organization","@id":"http:\/\/organicspharm.com\/it\/#organization","name":"Organics Pharm","url":"http:\/\/organicspharm.com\/it\/","logo":{"@type":"ImageObject","inLanguage":"en-US","@id":"http:\/\/organicspharm.com\/it\/#\/schema\/logo\/image\/","url":"https:\/\/organicspharm.com\/wp-content\/uploads\/2020\/03\/organics_pharm_footer.png","contentUrl":"https:\/\/organicspharm.com\/wp-content\/uploads\/2020\/03\/organics_pharm_footer.png","width":200,"height":100,"caption":"Organics Pharm"},"image":{"@id":"http:\/\/organicspharm.com\/it\/#\/schema\/logo\/image\/"}}]}},"_links":{"self":[{"href":"https:\/\/organicspharm.com\/en\/wp-json\/wp\/v2\/product\/3807","targetHints":{"allow":["GET"]}}],"collection":[{"href":"https:\/\/organicspharm.com\/en\/wp-json\/wp\/v2\/product"}],"about":[{"href":"https:\/\/organicspharm.com\/en\/wp-json\/wp\/v2\/types\/product"}],"wp:featuredmedia":[{"embeddable":true,"href":"https:\/\/organicspharm.com\/en\/wp-json\/wp\/v2\/media\/9691"}],"wp:attachment":[{"href":"https:\/\/organicspharm.com\/en\/wp-json\/wp\/v2\/media?parent=3807"}],"wp:term":[{"taxonomy":"product_brand","embeddable":true,"href":"https:\/\/organicspharm.com\/en\/wp-json\/wp\/v2\/product_brand?post=3807"},{"taxonomy":"product_cat","embeddable":true,"href":"https:\/\/organicspharm.com\/en\/wp-json\/wp\/v2\/product_cat?post=3807"},{"taxonomy":"product_tag","embeddable":true,"href":"https:\/\/organicspharm.com\/en\/wp-json\/wp\/v2\/product_tag?post=3807"}],"curies":[{"name":"wp","href":"https:\/\/api.w.org\/{rel}","templated":true}]}}